{"id":120,"date":"2021-11-25T16:47:16","date_gmt":"2021-11-25T15:47:16","guid":{"rendered":"https:\/\/janina.herz-geist-unio.de\/?page_id=120"},"modified":"2022-02-09T16:43:13","modified_gmt":"2022-02-09T15:43:13","slug":"existentielle-und-theologische-gespraeche","status":"publish","type":"page","link":"https:\/\/janina.herz-geist-unio.de\/?page_id=120","title":{"rendered":"Existentielle und theologische Gespr\u00e4che"},"content":{"rendered":"\n<figure class=\"wp-block-image size-large\"><img loading=\"lazy\" decoding=\"async\" width=\"709\" height=\"1024\" src=\"https:\/\/janina.herz-geist-unio.de\/wp-content\/uploads\/2022\/02\/Pfingsten-709x1024.jpg\" alt=\"\" class=\"wp-image-332\" srcset=\"https:\/\/janina.herz-geist-unio.de\/wp-content\/uploads\/2022\/02\/Pfingsten-709x1024.jpg 709w, https:\/\/janina.herz-geist-unio.de\/wp-content\/uploads\/2022\/02\/Pfingsten-208x300.jpg 208w, https:\/\/janina.herz-geist-unio.de\/wp-content\/uploads\/2022\/02\/Pfingsten-768x1109.jpg 768w, https:\/\/janina.herz-geist-unio.de\/wp-content\/uploads\/2022\/02\/Pfingsten-1064x1536.jpg 1064w, https:\/\/janina.herz-geist-unio.de\/wp-content\/uploads\/2022\/02\/Pfingsten-1419x2048.jpg 1419w, https:\/\/janina.herz-geist-unio.de\/wp-content\/uploads\/2022\/02\/Pfingsten-scaled.jpg 1773w\" sizes=\"auto, (max-width: 709px) 100vw, 709px\" \/><figcaption>&#8222;Pfingsten&#8220; gemalt von DaWi<\/figcaption><\/figure>\n\n\n\n<p class=\"has-drop-cap\">Wer braucht einen Erl\u00f6ser, wenn er gar kein Bewusstsein f\u00fcr die &#8222;S\u00fcnde&#8220; hat, von der er angeblich erl\u00f6st werden muss? Wer braucht eine Wiedervers\u00f6hnung mit Gott, wenn er sich nie als fern von Gott erlebt hat? <\/p>\n\n\n\n<p>Die Standardantworten, die die christliche Religion bietet, passen oft nicht zu heutigen Fragen. Das bedeutet jedoch nicht, dass christliche Inhalte grunds\u00e4tzlich veraltet w\u00e4ren. In der Bibel und der christlichen Tradition gibt es sehr viele und h\u00f6chst unterschiedliche Denkans\u00e4tze, die auch f\u00fcr die heutige Zeit fruchtbar gemacht werden k\u00f6nnen. Das Problem ist aber, dass vor allem die Kirchen entweder zu sehr am Althergebrachten festhalten oder einfach nur versuchen, aktuell gesellschaftlich erw\u00fcnschte Ansichten und Verhaltensweisen christlich zu legitimieren. Damit disqualifizieren sich die christlichen Kirchen f\u00fcr viele Menschen als kompetenter Ansprechpartner. <\/p>\n\n\n\n<p>Hinzu kommt noch die Tendenz in der wissenschaftlichen Theologie und der von ihr gepr\u00e4gten Kirche, explizit theologische und spirituelle Themen wie die Frage nach Gott, Leid oder Tod kaum noch auf eine existentiell fruchtbringende Weise zur Sprache zu bringen. Man begn\u00fcgt sich mit einem rein rational-kritischen Zugang \u00fcber historische, psychologische oder soziologische Analysen. Reiner, selbstverst\u00e4ndlicher Glaube an und Vertrauen in den lieben Gott sind ebenso wenig mehr sp\u00fcrbar wie ehrliches Hadern mit und w\u00fctendes Klagen gegen den nicht so lieben Gott. Aus dem \u00fcberw\u00e4ltigenden Gef\u00fchl der Liebe, das Ewigkeitscharakter in sich tr\u00e4gt und verhei\u00dft, wird ein verkopftes Theoriekonzept gemacht. Das Herz wird nicht einbezogen und nicht angesprochen und so kann der ganze Mensch, der eben nicht nur aus dem Verstand besteht, in Kirche und wissenschaftlicher Theologie keine Heimat mehr finden.<\/p>\n\n\n\n<p>Dem will ich entgegenwirken. Ich biete Dir als examinierte und von den Kirchen unabh\u00e4ngige Theologin Gespr\u00e4che \u00fcber existentielle und theologische Themen an. Ausdr\u00fccklich soll es hier keinerlei Tabus geben und kein billiges Abspeisen mit vorgefertigten Standardantworten, sondern ein Gespr\u00e4ch mit offenem Ausgang. Ich spreche mit Dir \u00fcber alles, was Dich bewegt. Auch \u00fcber den Tod.<\/p>\n","protected":false},"excerpt":{"rendered":"<p>Wer braucht einen Erl\u00f6ser, wenn er gar kein Bewusstsein f\u00fcr die &#8222;S\u00fcnde&#8220; hat, von der er angeblich erl\u00f6st werden muss? Wer braucht eine Wiedervers\u00f6hnung mit Gott, wenn er sich nie als fern von Gott erlebt hat? Die Standardantworten, die die <a class=\"more-link\" href=\"https:\/\/janina.herz-geist-unio.de\/?page_id=120\">weiterlesen&#8230;<\/a><\/p>\n","protected":false},"author":2,"featured_media":0,"parent":0,"menu_order":0,"comment_status":"closed","ping_status":"closed","template":"","meta":{"footnotes":""},"class_list":["post-120","page","type-page","status-publish","hentry"],"_links":{"self":[{"href":"https:\/\/janina.herz-geist-unio.de\/index.php?rest_route=\/wp\/v2\/pages\/120","targetHints":{"allow":["GET"]}}],"collection":[{"href":"https:\/\/janina.herz-geist-unio.de\/index.php?rest_route=\/wp\/v2\/pages"}],"about":[{"href":"https:\/\/janina.herz-geist-unio.de\/index.php?rest_route=\/wp\/v2\/types\/page"}],"author":[{"embeddable":true,"href":"https:\/\/janina.herz-geist-unio.de\/index.php?rest_route=\/wp\/v2\/users\/2"}],"replies":[{"embeddable":true,"href":"https:\/\/janina.herz-geist-unio.de\/index.php?rest_route=%2Fwp%2Fv2%2Fcomments&post=120"}],"version-history":[{"count":7,"href":"https:\/\/janina.herz-geist-unio.de\/index.php?rest_route=\/wp\/v2\/pages\/120\/revisions"}],"predecessor-version":[{"id":334,"href":"https:\/\/janina.herz-geist-unio.de\/index.php?rest_route=\/wp\/v2\/pages\/120\/revisions\/334"}],"wp:attachment":[{"href":"https:\/\/janina.herz-geist-unio.de\/index.php?rest_route=%2Fwp%2Fv2%2Fmedia&parent=120"}],"curies":[{"name":"wp","href":"https:\/\/api.w.org\/{rel}","templated":true}]}}