{"id":13,"date":"2021-11-16T18:18:52","date_gmt":"2021-11-16T17:18:52","guid":{"rendered":"https:\/\/janina.herz-geist-unio.de\/?page_id=13"},"modified":"2021-12-13T15:43:00","modified_gmt":"2021-12-13T14:43:00","slug":"ueber-mich","status":"publish","type":"page","link":"https:\/\/janina.herz-geist-unio.de\/?page_id=13","title":{"rendered":"\u00dcber mich"},"content":{"rendered":"\n<div class=\"wp-block-media-text alignwide is-stacked-on-mobile\" style=\"grid-template-columns:15% auto\"><figure class=\"wp-block-media-text__media\"><img loading=\"lazy\" decoding=\"async\" width=\"798\" height=\"1024\" src=\"https:\/\/janina.herz-geist-unio.de\/wp-content\/uploads\/2021\/11\/Passfoto-2018-gross-798x1024.jpg\" alt=\"\" class=\"wp-image-73 size-full\" srcset=\"https:\/\/janina.herz-geist-unio.de\/wp-content\/uploads\/2021\/11\/Passfoto-2018-gross-798x1024.jpg 798w, https:\/\/janina.herz-geist-unio.de\/wp-content\/uploads\/2021\/11\/Passfoto-2018-gross-234x300.jpg 234w, https:\/\/janina.herz-geist-unio.de\/wp-content\/uploads\/2021\/11\/Passfoto-2018-gross-768x986.jpg 768w, https:\/\/janina.herz-geist-unio.de\/wp-content\/uploads\/2021\/11\/Passfoto-2018-gross.jpg 824w\" sizes=\"auto, (max-width: 798px) 100vw, 798px\" \/><\/figure><div class=\"wp-block-media-text__content\">\n<p style=\"font-size:16px\"><strong>Janina Serfas<\/strong><\/p>\n\n\n\n<p><strong>*24.04.1986<\/strong><\/p>\n\n\n\n<p><strong>Betriebswirtin (M.Sc.), Theologin (Kirchliches Examen)<\/strong><\/p>\n<\/div><\/div>\n\n\n\n<div class=\"wp-block-columns alignwide is-layout-flex wp-container-core-columns-is-layout-9d6595d7 wp-block-columns-is-layout-flex\">\n<div class=\"wp-block-column is-layout-flow wp-block-column-is-layout-flow\" style=\"flex-basis:100%\">\n<div class=\"wp-block-group\"><div class=\"wp-block-group__inner-container is-layout-flow wp-block-group-is-layout-flow\">\n<p class=\"has-drop-cap has-text-align-left has-normal-font-size\">Ich bin Janina. Das ist die slawische Namensform von Johanna und bedeutet &#8222;Der HERR ist gn\u00e4dig&#8220; oder auch &#8222;die Gottbegnadete&#8220;. Ich bin in einem sehr liebevollen Elternhaus aufgewachsen. Dank meiner Eltern konnte ich schon als Kind lernen, was Vertrauen und Liebe bedeuten. Meine Mutter lie\u00df mich auch den lieben Gott kennenlernen. Ich wei\u00df schon lange, dass mein Leben der Liebe gewidmet sein soll. Seit 2020 bin ich gl\u00fccklich verheiratet mit David, meinem Gef\u00e4hrten.<\/p>\n<\/div><\/div>\n\n\n\n<p class=\"has-normal-font-size\">Bis 2012 habe ich mich stark an den Erwartungen aus meinem Umfeld und der Welt orientiert. Ich habe getan, was &#8222;vern\u00fcnftig&#8220; war. Ich habe BWL studiert, bin dabei zwei Semester im Ausland (Japan) gewesen, habe Praktika absolviert und meinen Masterabschluss als Drittbeste mit einer Abschlussnote von 1,27 gemacht. Mein Plan war es, nach Studienabschluss zwei Jahre Berufserfahrung in der Wirtschaftspr\u00fcfung zu sammeln, dann zu promovieren und anschlie\u00dfend im Rechnungswesen eines Gro\u00dfkonzerns einzusteigen und dort Karriere zu machen. Doch gl\u00fccklicherweise sollte es ganz anders kommen.<\/p>\n\n\n\n<p class=\"has-normal-font-size\">Im Juni 2012 machte ich einen einw\u00f6chigen Gastaufenthalt in einer Benediktinerinnenabtei. Dort hatte ich ein echtes Gotteserlebnis: Gott, der f\u00fcr mich all die Jahre keine Rolle mehr gespielt hatte, wurde von einer abstrakten Gr\u00f6\u00dfe zu einem pers\u00f6nlichen Du, als Er meine mehr zu mir selbst gesprochene Frage: &#8222;Bin ich berufen?&#8220; mit einem deutlichen &#8222;Ja!&#8220; beantwortete. Dieses Erlebnis sollte mein Leben nachhaltig und f\u00fcr immer ver\u00e4ndern. Mein Job in der Wirtschaftspr\u00fcfung erf\u00fcllte mich nicht. Ich erwachte jeden Tag mit dem Gedanken: &#8222;Das ist nicht mein Leben!&#8220; Ich k\u00e4mpfte mich durch eine finstere Arbeitswoche hindurch bis ins Licht am Wochenende, wenn ich in &#8222;mein&#8220; Kloster fahren und bei Gott sein konnte. <\/p>\n\n\n\n<p class=\"has-normal-font-size\">Im Februar 2013 war dann eines Morgens Schluss. Ich wachte weinend auf, duschte weinend und zog mir weinend die Unterw\u00e4sche an. Und dann ging nichts mehr. Ich sa\u00df in Unterw\u00e4sche auf dem Bett und weinte und weinte und weinte. Ich musste eine Entscheidung treffen. Ich k\u00fcndigte meinen Job in der Wirtschaftspr\u00fcfung und trat im April 2013 als Postulantin ins Kloster ein. Doch auch dort blieb ich nur sieben Wochen, bevor ich wieder in die Welt zur\u00fcckkehrte. Um meinem rein kindlichen Gef\u00fchlsglauben eine stabile Verstandess\u00e4ule zu verleihen und um sprach- und auskunftsf\u00e4hig \u00fcber meinen Glauben zu werden, begann ich im Herbst 2013 ein Theologiestudium, das ich im September 2021 mit dem Kirchlichen Examen abgeschlossen habe.<\/p>\n\n\n\n<p class=\"has-normal-font-size\">Mein pers\u00f6nlicher Glaube l\u00e4sst sich in keine Schublade packen. Er ist eine vom Leben selbst geschaffene Synthese aus meinem Kleinkinderglauben an den lieben Gott, meiner kirchlich-christlichen Sozialisation, dem Theologiestudium und pers\u00f6nlichen Gotteserlebnissen einerseits &#8211; sowie meiner dar\u00fcber hinausgehenden spirituellen Erlebnisse, die eher dem esoterischen Spektrum zuzuordnen sind, andererseits. Die Wahrheit liegt \u00fcberall dort, wo Erkenntnisse entwicklungsf\u00f6rdernd und heilsam sind.<\/p>\n\n\n\n<p class=\"has-normal-font-size\">Jetzt mache ich meine Berufung zum Beruf. Ich habe viel Lebenserfahrung auf <em>dem Weg<\/em> gesammelt, die ich mit anderen Menschen teilen m\u00f6chte. An mir ist nichts Besonderes. Was ich erlebt und geschafft habe, das kann jeder Mensch auf seinem ganz eigenen Weg ebenso erleben und schaffen. Mein eigener Weg ist ein Beispiel, das zeigt, dass es m\u00f6glich ist. Wir sind in jeder Sekunde frei uns neu zu entscheiden. Wir haben das Recht, im Leben gl\u00fccklich zu sein. Es geht nicht darum, blo\u00df zu funktionieren, die Erwartungen anderer Menschen zu erf\u00fcllen und alle widrigen Umst\u00e4nde schicksalsergeben zu akzeptieren. Der Weg ist nur dann richtig, wenn wir dabei sagen k\u00f6nnen: &#8222;Das ist MEIN Leben.&#8220; Sonst l\u00e4uft etwas verkehrt und es ist an der Zeit sich neu zu orientieren. Dabei will ich Dir helfen!<\/p>\n<\/div>\n<\/div>\n\n\n\n<p class=\"has-normal-font-size\"><\/p>\n","protected":false},"excerpt":{"rendered":"<p>Janina Serfas *24.04.1986 Betriebswirtin (M.Sc.), Theologin (Kirchliches Examen) Ich bin Janina. Das ist die slawische Namensform von Johanna und bedeutet &#8222;Der HERR ist gn\u00e4dig&#8220; oder auch &#8222;die Gottbegnadete&#8220;. Ich bin in einem sehr liebevollen Elternhaus aufgewachsen. Dank meiner Eltern konnte <a class=\"more-link\" href=\"https:\/\/janina.herz-geist-unio.de\/?page_id=13\">weiterlesen&#8230;<\/a><\/p>\n","protected":false},"author":1,"featured_media":0,"parent":0,"menu_order":0,"comment_status":"closed","ping_status":"closed","template":"","meta":{"footnotes":""},"class_list":["post-13","page","type-page","status-publish","hentry"],"_links":{"self":[{"href":"https:\/\/janina.herz-geist-unio.de\/index.php?rest_route=\/wp\/v2\/pages\/13","targetHints":{"allow":["GET"]}}],"collection":[{"href":"https:\/\/janina.herz-geist-unio.de\/index.php?rest_route=\/wp\/v2\/pages"}],"about":[{"href":"https:\/\/janina.herz-geist-unio.de\/index.php?rest_route=\/wp\/v2\/types\/page"}],"author":[{"embeddable":true,"href":"https:\/\/janina.herz-geist-unio.de\/index.php?rest_route=\/wp\/v2\/users\/1"}],"replies":[{"embeddable":true,"href":"https:\/\/janina.herz-geist-unio.de\/index.php?rest_route=%2Fwp%2Fv2%2Fcomments&post=13"}],"version-history":[{"count":7,"href":"https:\/\/janina.herz-geist-unio.de\/index.php?rest_route=\/wp\/v2\/pages\/13\/revisions"}],"predecessor-version":[{"id":178,"href":"https:\/\/janina.herz-geist-unio.de\/index.php?rest_route=\/wp\/v2\/pages\/13\/revisions\/178"}],"wp:attachment":[{"href":"https:\/\/janina.herz-geist-unio.de\/index.php?rest_route=%2Fwp%2Fv2%2Fmedia&parent=13"}],"curies":[{"name":"wp","href":"https:\/\/api.w.org\/{rel}","templated":true}]}}