{"id":137,"date":"2021-11-25T17:07:41","date_gmt":"2021-11-25T16:07:41","guid":{"rendered":"https:\/\/janina.herz-geist-unio.de\/?page_id=137"},"modified":"2022-02-09T16:46:12","modified_gmt":"2022-02-09T15:46:12","slug":"weitere-zugaenge","status":"publish","type":"page","link":"https:\/\/janina.herz-geist-unio.de\/?page_id=137","title":{"rendered":"Weitere Zug\u00e4nge"},"content":{"rendered":"\n<figure class=\"wp-block-image size-large\"><img loading=\"lazy\" decoding=\"async\" width=\"719\" height=\"1024\" src=\"https:\/\/janina.herz-geist-unio.de\/wp-content\/uploads\/2022\/02\/Der-Baum-der-Erkenntnis-oder-Hommage-an-Gregory-Bateson-719x1024.jpg\" alt=\"\" class=\"wp-image-335\" srcset=\"https:\/\/janina.herz-geist-unio.de\/wp-content\/uploads\/2022\/02\/Der-Baum-der-Erkenntnis-oder-Hommage-an-Gregory-Bateson-719x1024.jpg 719w, https:\/\/janina.herz-geist-unio.de\/wp-content\/uploads\/2022\/02\/Der-Baum-der-Erkenntnis-oder-Hommage-an-Gregory-Bateson-211x300.jpg 211w, https:\/\/janina.herz-geist-unio.de\/wp-content\/uploads\/2022\/02\/Der-Baum-der-Erkenntnis-oder-Hommage-an-Gregory-Bateson-768x1094.jpg 768w, https:\/\/janina.herz-geist-unio.de\/wp-content\/uploads\/2022\/02\/Der-Baum-der-Erkenntnis-oder-Hommage-an-Gregory-Bateson-1078x1536.jpg 1078w, https:\/\/janina.herz-geist-unio.de\/wp-content\/uploads\/2022\/02\/Der-Baum-der-Erkenntnis-oder-Hommage-an-Gregory-Bateson-1437x2048.jpg 1437w, https:\/\/janina.herz-geist-unio.de\/wp-content\/uploads\/2022\/02\/Der-Baum-der-Erkenntnis-oder-Hommage-an-Gregory-Bateson-scaled.jpg 1797w\" sizes=\"auto, (max-width: 719px) 100vw, 719px\" \/><figcaption>&#8222;Der Baum der Erkenntnis oder: Hommage an Gregory Bateson&#8220; gemalt von DaWi<\/figcaption><\/figure>\n\n\n\n<p class=\"has-drop-cap\">Nicht alles, was ich auf meinem Weg als hilfreich erkannt habe, kann ich Dir selbst anbieten. Deswegen will ich an dieser Stelle auf andere Angebote und weitere Zug\u00e4nge verweisen. Ich nenne hier ausdr\u00fccklich nur Zug\u00e4nge, die ich selbst aus eigener Erprobung f\u00fcr gut befunden habe, nicht automatisch alle mir bekannten.<\/p>\n\n\n\n<h2 class=\"wp-block-heading\" id=\"das-enneagramm\">Das Enneagramm<\/h2>\n\n\n\n<p>Zur Selbsterkenntnis und um mich selbst noch besser verstehen zu k\u00f6nnen in meinen seelischen Mustern und Verhaltensweisen fand ich die Besch\u00e4ftigung mit dem &#8222;Enneagramm&#8220; sehr n\u00fctzlich. Dabei findet man aus neun Pers\u00f6nlichkeitstypen seinen eigenen Typus heraus und kann auch andere Menschen aus dem eigenen Umfeld den Typen zuordnen. Ich habe das gerade nicht als Denken in Schubladen erlebt und die vorgestellten Typen sind so differenziert dargestellt, dass sie nicht stereotypisch wirken. Es gibt au\u00dferdem f\u00fcr jeden Pers\u00f6nlichkeitstypus drei Untervarianten, der Einfluss der Nachbartypen (Fl\u00fcgel) wird ber\u00fccksichtigt und es gibt weitere Verbindungslinien zwischen verschiedenen Typen, so dass das &#8222;Enneagramm&#8220; aus meiner Sicht nicht zu schematisch ist, sondern dem realen Menschen in seiner individuellen Pers\u00f6nlichkeit gerecht werden kann. Mein Verst\u00e4ndnis f\u00fcr mich selbst und f\u00fcr die Pers\u00f6nlichkeiten meiner Mitmenschen hat sich durch die Besch\u00e4ftigung mit dem &#8222;Enneagramm&#8220; stark verbessert.<\/p>\n\n\n\n<p>Ich kann dazu zwei B\u00fccher empfehlen:<\/p>\n\n\n\n<ul class=\"wp-block-list\"><li>&#8222;Das Enneagramm: Die 9 Gesichter der Seele&#8220; von Richard Rohr und Andreas Ebert <br>(bezieht auch spirituelle Aspekte ein)<br><a href=\"https:\/\/www.amazon.de\/Das-Enneagramm-Die-Gesichter-Seele\/dp\/3532623951\/ref=sr_1_3?__mk_de_DE=%C3%85M%C3%85%C5%BD%C3%95%C3%91&amp;crid=1WXL8MZ0A7M03&amp;keywords=enneagramm&amp;qid=1639838386&amp;s=books&amp;sprefix=Ennea%2Caps%2C180&amp;sr=1-3\">Das Enneagramm: Die 9 Gesichter der Seele : Rohr, Richard, Ebert, Andreas: Amazon.de: B\u00fccher<\/a><\/li><li>&#8222;Die Weisheit des Enneagramms. Entdecken Sie Ihren inneren Reichtum&#8220; von Don Richard Riso, Russ Hudson und Franz Janowitz<br>(bietet eine detailliertere und psychologischere Darstellung)<br><a href=\"https:\/\/www.amazon.de\/Weisheit-Enneagramms-Entdecken-inneren-Reichtum\/dp\/3442162874\/ref=sr_1_18?__mk_de_DE=%C3%85M%C3%85%C5%BD%C3%95%C3%91&amp;crid=1WXL8MZ0A7M03&amp;keywords=enneagramm&amp;qid=1639838386&amp;s=books&amp;sprefix=Ennea%2Caps%2C180&amp;sr=1-18\">Die Weisheit des Enneagramms. Entdecken Sie Ihren inneren Reichtum. : Don Richard Riso, Russ Hudson, Franz Janowitz: Amazon.de: B\u00fccher<\/a><\/li><\/ul>\n\n\n\n<h2 class=\"wp-block-heading\" id=\"die-astrologie\">Die Astrologie<\/h2>\n\n\n\n<p>Der Astrologie stand ich fr\u00fcher sehr skeptisch gegen\u00fcber, solange ich nur die nach Sternzeichen unterteilten Wochenhoroskope aus Zeitschriften kannte und Astrologie als Wahrsagerei ansah. Doch tats\u00e4chlich bietet dieser Zugang enorme M\u00f6glichkeiten zur Selbsterkenntnis und auch zum Verst\u00e4ndnis anderer Menschen. Gegen\u00fcber dem &#8222;Enneagramm&#8220; ist vor allem ein pers\u00f6nliches Geburtshoroskop (mit Geburtsdatum, genauer Geburtszeit und Geburtsort) noch weitaus differenzierter, da es viel mehr Aspekte ber\u00fccksichtigt und Variationen bietet. Kein Geburtshoroskop ist wie das andere. Die Beschreibungen darin sind sehr grundlegender Natur und keineswegs als Zukunftsvorhersagen zu verstehen. Der Inhalt regt zur Auseinandersetzung an, denn er ist (aus meiner Sicht) zu zutreffend, um als Zufall abgetan werden zu k\u00f6nnen.<\/p>\n\n\n\n<p>Kontakt zu einer hervorragenden Astrologin findest Du hier:<br><a rel=\"noreferrer noopener\" href=\"https:\/\/www.facebook.com\/MyQuanSturm\" target=\"_blank\">https:\/\/www.facebook.com\/MyQuanSturm<\/a><\/p>\n\n\n\n<h2 class=\"wp-block-heading\" id=\"die-lebenszahlen-aus-der-numerologie\">Die Lebenszahlen aus der Numerologie<\/h2>\n\n\n\n<p>Als \u00e4hnlich lohnend wie Geburtshoroskop\/Astrologie habe ich auch die Besch\u00e4ftigung mit meiner numerologischen Lebensaufgabenzahl empfunden. Die Numerologie ermittelt aus dem Namen und Geburtsdatum verschiedene Zahlen, die dann gedeutet werden und zusammengenommen den individuellen Menschen zu charakterisieren versuchen.<\/p>\n\n\n\n<p>Ich kann dazu zwei B\u00fccher empfehlen:<\/p>\n\n\n\n<ul class=\"wp-block-list\"><li>&#8222;Die Lebenszahl als Lebensweg: Wie wir unsere Lebensbestimmung erkennen und erf\u00fcllen k\u00f6nnen&#8220; von Dan Millman<br><a href=\"https:\/\/www.amazon.de\/Lebenszahl-Lebensweg-aktualisierte-erweiterte-Neuausgabe\/dp\/3778775502\/ref=sr_1_1?__mk_de_DE=%C3%85M%C3%85%C5%BD%C3%95%C3%91&amp;crid=3S3OO5NQD22YC&amp;keywords=lebenszahl+als+lebensweg&amp;qid=1639840644&amp;s=books&amp;sprefix=lebenszahl%2Cstripbooks%2C177&amp;sr=1-1\">Die Lebenszahl als Lebensweg (aktualisierte, erweiterte Neuausgabe): Wie wir unsere Lebensbestimmung erkennen und erf\u00fcllen k\u00f6nnen : Millman, Dan: Amazon.de: B\u00fccher<\/a><\/li><li>&#8222;Kleines Handbuch der Numerologie: Was Ihre Zahlen \u00fcber Sie und Ihr Schicksal verraten&#8220; von Glynis McCants<br><a href=\"https:\/\/www.amazon.de\/Kleines-Handbuch-Numerologie-Schicksal-verraten\/dp\/3442167345\/ref=sr_1_14?__mk_de_DE=%C3%85M%C3%85%C5%BD%C3%95%C3%91&amp;keywords=numerologie&amp;qid=1639840564&amp;s=books&amp;sr=1-14\">Kleines Handbuch der Numerologie -: Was Ihre Zahlen \u00fcber Sie und Ihr Schicksal verraten &#8211; : McCants, Glynis, Kruse, Tatjana: Amazon.de: B\u00fccher<\/a><\/li><\/ul>\n\n\n\n<h2 class=\"wp-block-heading\" id=\"die-personlichen-engel\">Die pers\u00f6nlichen Engel<\/h2>\n\n\n\n<p>Wer offen ist f\u00fcr einen etwas spezielleren spirituellen Zugang, dem sei die Besch\u00e4ftigung mit den pers\u00f6nlichen Engeln der Kabbala empfohlen. Demnach hat jeder Mensch drei der 72 Engel, die ihm zur Seite stehen und ihm individuelle Entwicklungspotentiale sowie negative Verzerrungen aufzeigen k\u00f6nnen: einen Engel des Geburtszeitraums, einen Engel des genauen Geburtstages und einen Engel der Geburtszeit.<\/p>\n\n\n\n<p>Ich pers\u00f6nlich f\u00fchle mich Engeln nicht so verbunden, pflege keinen pers\u00f6nlichen Kontakt zu Engeln und mache auch keine Engel-Meditationen. Doch fand ich f\u00fcr mich die Besch\u00e4ftigung mit den Eigenschaften und Verzerrungen, die die drei mir zugeordneten Engel verk\u00f6rpern, sehr erhellend und bereichernd.<\/p>\n\n\n\n<p>Folgendes Buch habe ich daf\u00fcr als Basis genutzt:<\/p>\n\n\n\n<ul class=\"wp-block-list\"><li>&#8222;Das Buch der Engel Tr\u00e4ume &#8211; Zeichen &#8211; Meditationen: Traditionelle Engellehre. Bd. 1&#8220; von Kaya und Christiane Muller<br><a href=\"https:\/\/www.amazon.de\/Das-Buch-Engel-Tr%C3%A4ume-Traditionelle\/dp\/2923097130\/ref=sr_1_4?__mk_de_DE=%C3%85M%C3%85%C5%BD%C3%95%C3%91&amp;keywords=engel+der+kabbala&amp;qid=1639841151&amp;s=books&amp;sr=1-4\">Das Buch der Engel Tr\u00e4ume &#8211; Zeichen &#8211; Meditationen: Traditionelle Engellehre Band 1: Bd. 1 : Kaya, Muller, Christiane: Amazon.de: B\u00fccher<\/a><\/li><\/ul>\n\n\n\n<h2 class=\"wp-block-heading\" id=\"die-ruckfuhrung\">Die R\u00fcckf\u00fchrung<\/h2>\n\n\n\n<p>Ganz wesentlich f\u00fcr meinen Weg und gewisserma\u00dfen mein Einstieg in Spiritualit\u00e4t und Esoterik \u00fcberhaupt war <em>die spirituelle R\u00fcckf\u00fchrung<\/em>. Dabei l\u00e4sst sich nicht nur ein bedeutsames Vorleben wiedererleben, sondern es ist auch m\u00f6glich, einen Eindruck von der geistigen Welt und dem Leben-zwischen-den-Leben zu erhalten. Dort kann man seiner geistigen Seelenf\u00fchrung begegnen und bekommt von ihr Antwort auf Lebensfragen, man kann seine eigene Seele wahrnehmen in ihren charakteristischen Eigenschaften und in ihrem h\u00f6heren Bewusstsein und man kann enge Seelengef\u00e4hrten aus der eigenen Seelengruppe treffen, bei denen es sich auch um Menschen aus dem eigenen Lebensumfeld handeln kann.<\/p>\n\n\n\n<p>Ich selbst habe erstmals 2009 bei Dr. Dorothea Fuckert eine einfache R\u00fcckf\u00fchrung in ein bedeutsames Vorleben und 2010 dann eine R\u00fcckf\u00fchrung in das Leben-zwischen-den-Leben (LzL) gemacht. 2021 folgte f\u00fcr mich eine zweite LzL zur Vertiefung und Vollendung der ersten. Diese R\u00fcckf\u00fchrungen geh\u00f6ren zu meinen wertvollsten und pr\u00e4gendsten Lebenserfahrungen \u00fcberhaupt. Ich w\u00fcrde sie nicht missen wollen und jederzeit wieder machen. Sie haben mir das Tor zur geistigen Welt ge\u00f6ffnet und meine Wirklichkeit und mein Leben in ihr unermesslich erweitert und bereichert.<\/p>\n\n\n\n<p>Die Frage, ob an diesen Erfahrungen irgendetwas <em>historisch<\/em> wahr ist, kann ich nicht beantworten. Allein befragt, w\u00fcrde mein Verstand wohl sogar Nein sagen. Historische Wahrheit l\u00e4sst sich auf diesem Weg nicht finden, aber es gibt auch eine h\u00f6here Wahrheit, die dem Leben, der Entwicklung und der Heilung dient. Eine solche Wahrheit l\u00e4sst sich in einer R\u00fcckf\u00fchrung gerade auf einzigartig pers\u00f6nliche und eindr\u00fcckliche Weise erleben, denn sie ereignet sich ganz und gar <em>in der eigenen Erfahrung<\/em>. Man muss sich kein &#8222;Wissen&#8220; anlesen und kein besonderes Talent mitbringen, um eine solche Erfahrung machen zu k\u00f6nnen. W\u00e4hrend der Trance ist man die ganze Zeit hellwach und hat die volle Kontrolle, so dass man nicht bef\u00fcrchten muss, der R\u00fcckf\u00fchrungstherapeut w\u00fcrde einem irgendwelche Eindr\u00fccke suggerieren. Man kann jederzeit aufstehen und gehen. Und doch findet eine Reise in Bereiche des Bewusstseins statt, in die man meiner Meinung nach auf keinem anderen Wege in dieser Intensit\u00e4t und Tiefe gelangen kann. Ich w\u00fcrde jedem Menschen empfehlen, einmal im Leben eine solche R\u00fcckf\u00fchrung mitzumachen und sich auf die Erfahrung einzulassen. Sie ist etwas ganz Besonderes.<\/p>\n\n\n\n<p>Zur Lekt\u00fcre empfehle ich:<\/p>\n\n\n\n<ul class=\"wp-block-list\"><li>&#8222;Seelenreise in das Leben zwischen den Leben: Wie himmlische Erinnerungen heilen k\u00f6nnen&#8220; von Dorothea Fuckert<br><a href=\"https:\/\/www.amazon.de\/Seelenreise-das-Leben-zwischen-den\/dp\/3442220084\/ref=sr_1_1?__mk_de_DE=%C3%85M%C3%85%C5%BD%C3%95%C3%91&amp;crid=8BK28RR6S4UY&amp;keywords=dorothea+fuckert&amp;qid=1640187787&amp;s=books&amp;sprefix=dorothea+fuckert%2Cstripbooks%2C89&amp;sr=1-1\">Seelenreise in das Leben zwischen den Leben: Wie himmlische Erinnerungen heilen k\u00f6nnen &#8211; mit CD : Fuckert, Dorothea: Amazon.de: B\u00fccher<\/a><\/li><li>&#8222;Die Reisen der Seele: Karmische Fallstudien&#8220; von Michael Newton<br><a href=\"https:\/\/www.amazon.de\/Die-Reisen-Seele-Fallstudien-Astroterra\/dp\/390702950X\/ref=sr_1_1?__mk_de_DE=%C3%85M%C3%85%C5%BD%C3%95%C3%91&amp;crid=YO2T0R7ZP416&amp;keywords=michael+newton&amp;qid=1640189300&amp;s=books&amp;sprefix=michael+newton%2Cstripbooks%2C86&amp;sr=1-1\">Die Reisen der Seele: Karmische Fallstudien (Edition Astroterra) : Newton, Michael, Aebi Egli, Doris: Amazon.de: B\u00fccher<\/a><\/li><\/ul>\n\n\n\n<h2 class=\"wp-block-heading\" id=\"wing-chun-und-wofur-es-steht\">Wing Chun und wof\u00fcr es steht<\/h2>\n\n\n\n<p>Zug\u00e4nge m\u00fcssen keineswegs explizit spirituell sein und k\u00f6nnen sich dennoch tiefgreifend auf den eigenen Weg und die pers\u00f6nliche Entwicklung auswirken. Nur ganz selten in meiner pers\u00f6nlichen Praxis meditiere ich oder lese spirituelle Literatur. Stattdessen \u00fcbe ich mich t\u00e4glich in der chinesischen Kampfkunst Wing Chun. Dieser Weg hat sich f\u00fcr meinen K\u00f6rper wie f\u00fcr meinen Geist als gr\u00f6\u00dftm\u00f6glicher Segen erwiesen, da er mich ganzheitlich vollkommen integriert und mir aktuelle seelische Themen in Lernschritten, die ich im Wing Chun durchlaufe, ins Bewusstsein ruft.<\/p>\n\n\n\n<p>Nat\u00fcrlich w\u00fcrde ich an dieser Stelle am liebsten Werbung f\u00fcr Wing Chun machen und jedem Menschen empfehlen, diesen Weg zu gehen, aber das w\u00e4re nicht richtig. Was f\u00fcr mich Wing Chun ist, das ist f\u00fcr Dich (vielleicht oder sogar vermutlich) etwas v\u00f6llig anderes. Wichtig ist, dass Du f\u00fcr Dich herausfindest, was Dein &#8222;Wing Chun&#8220; ist, was Dich so vollkommen erf\u00fcllt, Deinem Wesen entspricht und Dich in Einklang mit Dir selbst und mit letztlich einfach allem bringen kann. Das muss gerade nichts Spirituelles sein. Oft sind ausdr\u00fcckliche spirituelle Aktivit\u00e4ten sogar Sackgassen, die nicht weiterf\u00fchren. Probiere also auch ungew\u00f6hnliche Zug\u00e4nge aus und finde schlie\u00dflich Deinen eigenen!<\/p>\n","protected":false},"excerpt":{"rendered":"<p>Nicht alles, was ich auf meinem Weg als hilfreich erkannt habe, kann ich Dir selbst anbieten. Deswegen will ich an dieser Stelle auf andere Angebote und weitere Zug\u00e4nge verweisen. Ich nenne hier ausdr\u00fccklich nur Zug\u00e4nge, die ich selbst aus eigener <a class=\"more-link\" href=\"https:\/\/janina.herz-geist-unio.de\/?page_id=137\">weiterlesen&#8230;<\/a><\/p>\n","protected":false},"author":2,"featured_media":0,"parent":0,"menu_order":0,"comment_status":"closed","ping_status":"closed","template":"","meta":{"footnotes":""},"class_list":["post-137","page","type-page","status-publish","hentry"],"_links":{"self":[{"href":"https:\/\/janina.herz-geist-unio.de\/index.php?rest_route=\/wp\/v2\/pages\/137","targetHints":{"allow":["GET"]}}],"collection":[{"href":"https:\/\/janina.herz-geist-unio.de\/index.php?rest_route=\/wp\/v2\/pages"}],"about":[{"href":"https:\/\/janina.herz-geist-unio.de\/index.php?rest_route=\/wp\/v2\/types\/page"}],"author":[{"embeddable":true,"href":"https:\/\/janina.herz-geist-unio.de\/index.php?rest_route=\/wp\/v2\/users\/2"}],"replies":[{"embeddable":true,"href":"https:\/\/janina.herz-geist-unio.de\/index.php?rest_route=%2Fwp%2Fv2%2Fcomments&post=137"}],"version-history":[{"count":15,"href":"https:\/\/janina.herz-geist-unio.de\/index.php?rest_route=\/wp\/v2\/pages\/137\/revisions"}],"predecessor-version":[{"id":337,"href":"https:\/\/janina.herz-geist-unio.de\/index.php?rest_route=\/wp\/v2\/pages\/137\/revisions\/337"}],"wp:attachment":[{"href":"https:\/\/janina.herz-geist-unio.de\/index.php?rest_route=%2Fwp%2Fv2%2Fmedia&parent=137"}],"curies":[{"name":"wp","href":"https:\/\/api.w.org\/{rel}","templated":true}]}}