{"id":17,"date":"2021-11-16T18:20:48","date_gmt":"2021-11-16T17:20:48","guid":{"rendered":"https:\/\/janina.herz-geist-unio.de\/?page_id=17"},"modified":"2022-02-09T16:59:20","modified_gmt":"2022-02-09T15:59:20","slug":"mein-beratungsangebot","status":"publish","type":"page","link":"https:\/\/janina.herz-geist-unio.de\/?page_id=17","title":{"rendered":"Mein Beratungsangebot"},"content":{"rendered":"\n<figure class=\"wp-block-image size-large\"><img loading=\"lazy\" decoding=\"async\" width=\"1024\" height=\"730\" src=\"https:\/\/janina.herz-geist-unio.de\/wp-content\/uploads\/2022\/02\/Transzendenz-1024x730.jpg\" alt=\"\" class=\"wp-image-339\" srcset=\"https:\/\/janina.herz-geist-unio.de\/wp-content\/uploads\/2022\/02\/Transzendenz-1024x730.jpg 1024w, https:\/\/janina.herz-geist-unio.de\/wp-content\/uploads\/2022\/02\/Transzendenz-300x214.jpg 300w, https:\/\/janina.herz-geist-unio.de\/wp-content\/uploads\/2022\/02\/Transzendenz-768x548.jpg 768w, https:\/\/janina.herz-geist-unio.de\/wp-content\/uploads\/2022\/02\/Transzendenz-1536x1096.jpg 1536w, https:\/\/janina.herz-geist-unio.de\/wp-content\/uploads\/2022\/02\/Transzendenz-2048x1461.jpg 2048w\" sizes=\"auto, (max-width: 1024px) 100vw, 1024px\" \/><figcaption>&#8222;Transzendenz&#8220; gemalt von DaWi<\/figcaption><\/figure>\n\n\n\n<p class=\"has-drop-cap\">Was ich Dir anbiete, ist zutiefst menschlich und pers\u00f6nlich. Jede aufgesetzte und distanzierende Professionalit\u00e4t widerspricht diesem Anliegen. Deshalb verzichte ich ganz bewusst darauf. Ich will nahbar und wahrhaftig sein. Ich bin keine weitere (semi)professionelle Beraterin auf dem spirituellen &#8222;Markt&#8220;. Ich bin genauso unkonventionell, wie es die Texte auf meiner Homepage vermuten lassen.<\/p>\n\n\n\n<p>Alles, was ich anbiete, tue ich von Herzen und mit bestem Wissen und Gewissen. Meine Empfehlungen sind ehrlich und basieren auf meiner eigenen Lebenserfahrung.<\/p>\n\n\n\n<p>Ich will keine Abh\u00e4ngigkeit erzeugen, sondern im Idealfall in einer einzigen Beratung bereits die Impulse vermitteln, die Du brauchst, um Deinen eigenen Weg zu suchen und zu finden und selbstst\u00e4ndig zu gehen.<\/p>\n\n\n\n<p>Wie spirituell Dein Weg sein soll, entscheidest Du ganz alleine. Es ist absolut m\u00f6glich, auch rein innerweltlich ein gutes Leben zu f\u00fchren, das mit Sinn und Liebe erf\u00fcllt ist. Auch ich bin 23 Jahre meines Lebens lang keinen spirituellen Weg gegangen und habe den Bezug zum &#8222;normalen&#8220; Lebensgef\u00fchl sowie den gesunden Menschenverstand (hoffentlich) nie verloren. <\/p>\n\n\n\n<p>Ich will niemanden bekehren, zumal ich auch gar nicht w\u00fcsste, wozu eigentlich, da meiner ureigenen \u00dcberzeugung nach ja gerade jeder Mensch seinen eigenen Weg gehen muss. Eine absolute Wahrheit habe ich jedenfalls auf meinem Weg bislang noch nicht gefunden. Also werde ich auch keine solche absolute Wahrheit propagieren. Man kann sich mit mir daher ganz normal unterhalten, ohne bef\u00fcrchten zu m\u00fcssen, dabei esoterisch verstrahlt zu werden. \ud83d\ude42<\/p>\n\n\n\n<p>Meine St\u00e4rken sind ein recht breites (spirituelles) Basiswissen, eine gute Intuition, seelisches Einf\u00fchlungsverm\u00f6gen und die F\u00e4higkeit, Verbindungen herzustellen und Zusammenh\u00e4nge aufzudecken, was eine tiefgehende Kl\u00e4rung bewirken kann. Ich stelle meine F\u00e4higkeiten in Deinen Dienst.<\/p>\n","protected":false},"excerpt":{"rendered":"<p>Was ich Dir anbiete, ist zutiefst menschlich und pers\u00f6nlich. Jede aufgesetzte und distanzierende Professionalit\u00e4t widerspricht diesem Anliegen. Deshalb verzichte ich ganz bewusst darauf. Ich will nahbar und wahrhaftig sein. Ich bin keine weitere (semi)professionelle Beraterin auf dem spirituellen &#8222;Markt&#8220;. Ich <a class=\"more-link\" href=\"https:\/\/janina.herz-geist-unio.de\/?page_id=17\">weiterlesen&#8230;<\/a><\/p>\n","protected":false},"author":1,"featured_media":0,"parent":0,"menu_order":0,"comment_status":"closed","ping_status":"closed","template":"","meta":{"footnotes":""},"class_list":["post-17","page","type-page","status-publish","hentry"],"_links":{"self":[{"href":"https:\/\/janina.herz-geist-unio.de\/index.php?rest_route=\/wp\/v2\/pages\/17","targetHints":{"allow":["GET"]}}],"collection":[{"href":"https:\/\/janina.herz-geist-unio.de\/index.php?rest_route=\/wp\/v2\/pages"}],"about":[{"href":"https:\/\/janina.herz-geist-unio.de\/index.php?rest_route=\/wp\/v2\/types\/page"}],"author":[{"embeddable":true,"href":"https:\/\/janina.herz-geist-unio.de\/index.php?rest_route=\/wp\/v2\/users\/1"}],"replies":[{"embeddable":true,"href":"https:\/\/janina.herz-geist-unio.de\/index.php?rest_route=%2Fwp%2Fv2%2Fcomments&post=17"}],"version-history":[{"count":9,"href":"https:\/\/janina.herz-geist-unio.de\/index.php?rest_route=\/wp\/v2\/pages\/17\/revisions"}],"predecessor-version":[{"id":341,"href":"https:\/\/janina.herz-geist-unio.de\/index.php?rest_route=\/wp\/v2\/pages\/17\/revisions\/341"}],"wp:attachment":[{"href":"https:\/\/janina.herz-geist-unio.de\/index.php?rest_route=%2Fwp%2Fv2%2Fmedia&parent=17"}],"curies":[{"name":"wp","href":"https:\/\/api.w.org\/{rel}","templated":true}]}}