{"id":27,"date":"2021-11-20T18:35:24","date_gmt":"2021-11-20T17:35:24","guid":{"rendered":"https:\/\/janina.herz-geist-unio.de\/?page_id=27"},"modified":"2022-02-09T17:04:53","modified_gmt":"2022-02-09T16:04:53","slug":"mein-weg","status":"publish","type":"page","link":"https:\/\/janina.herz-geist-unio.de\/?page_id=27","title":{"rendered":"Mein Weg als Beispiel"},"content":{"rendered":"\n<figure class=\"wp-block-image size-large\"><img loading=\"lazy\" decoding=\"async\" width=\"1024\" height=\"686\" src=\"https:\/\/janina.herz-geist-unio.de\/wp-content\/uploads\/2021\/12\/20211009_141302-1024x686.jpg\" alt=\"\" class=\"wp-image-247\" srcset=\"https:\/\/janina.herz-geist-unio.de\/wp-content\/uploads\/2021\/12\/20211009_141302-1024x686.jpg 1024w, https:\/\/janina.herz-geist-unio.de\/wp-content\/uploads\/2021\/12\/20211009_141302-300x201.jpg 300w, https:\/\/janina.herz-geist-unio.de\/wp-content\/uploads\/2021\/12\/20211009_141302-768x515.jpg 768w, https:\/\/janina.herz-geist-unio.de\/wp-content\/uploads\/2021\/12\/20211009_141302-1536x1029.jpg 1536w, https:\/\/janina.herz-geist-unio.de\/wp-content\/uploads\/2021\/12\/20211009_141302-2048x1372.jpg 2048w\" sizes=\"auto, (max-width: 1024px) 100vw, 1024px\" \/><figcaption>Mein Geistf\u00fchrer Ip Man und ich, gemalt von My Quan Sturm<\/figcaption><\/figure>\n\n\n\n<p class=\"has-drop-cap\">Hier will ich Dir etwas ausf\u00fchrlicher erz\u00e4hlen, wie ich selbst den Weg gegangen bin, den ich hier vorstelle und empfehle, den Weg der Selbsterkenntnis, Wirklichkeitserkenntnis und Weiterentwicklung. Mein Leben beweist: Der Weg funktioniert!<\/p>\n\n\n\n<h2 class=\"wp-block-heading\" id=\"mein-anfang\">Mein Anfang<\/h2>\n\n\n\n<p>Mein Anfang war ein latent vorhandenes Gef\u00fchl der Unzufriedenheit. Ich konnte und wollte mich nicht damit zufriedengeben, dass &#8222;das Leben halt so ist&#8220;. Ich dachte stets: &#8222;Das kann es noch nicht gewesen sein!&#8220; Und so war ich rastlos und auf der Suche, ohne anfangs wirklich zu wissen wonach.<\/p>\n\n\n\n<h2 class=\"wp-block-heading\" id=\"suchen-und-fragen\">Suchen und Fragen<\/h2>\n\n\n\n<p>Mein Weg ist von mehreren gro\u00dfen Suchen gepr\u00e4gt, von denen einige bereits abgeschlossen sind, andere dagegen weiterlaufen. Es k\u00f6nnen auch immer wieder neue Suchen entstehen. Alte Suchen k\u00f6nnen von neuen abgel\u00f6st werden, wenn sie ihren Zweck erf\u00fcllt haben. <\/p>\n\n\n\n<p>Es geht nicht immer unbedingt darum ein Ziel, das man angestrebt hat, auch tats\u00e4chlich zu erreichen. Oft dient es nur so lange als Vision, bis wir an einem ganz bestimmten Punkt auf dem Weg angekommen sind. Das Erreichen dieses Punktes war dann das eigentliche Ziel &#8211; und nicht das w\u00f6rtlich-bildlich formulierte, das uns bis dorthin leitete. <\/p>\n\n\n\n<p>Die wohl wichtigste Voraussetzung, um den Weg zu gehen, bildet eine Grundhaltung der <em>Offenheit<\/em>. Es braucht die Bereitschaft, das Leben so zu nehmen, wie es ist.<\/p>\n\n\n\n<h2 class=\"wp-block-heading\" id=\"meine-suche-nach-selbsterkenntnis\">Meine Suche nach Selbsterkenntnis<\/h2>\n\n\n\n<p>Meine erste Suche richtete sich auf Selbsterkenntnis. Ich fragte: Wer bin ich eigentlich? Was denkt und f\u00fchlt meine Seele? Antworten fand ich in der Traumanalyse, die ich ca. drei Jahre lang sehr ausf\u00fchrlich machte und auch heute noch gelegentlich mache, wenn sich mir ein Traum besonders einpr\u00e4gt. Als hilfreich habe ich auch die Besch\u00e4ftigung mit meinem Pers\u00f6nlichkeitstypus gem\u00e4\u00df dem &#8222;Enneagramm&#8220; empfunden.<\/p>\n\n\n\n<p>Die Suche nach Selbsterkenntnis wuchs bei mir \u00fcber die Gegenwart hinaus, die sich noch mit innerweltlichen Mitteln ermitteln lie\u00df. Mich interessierten nun vermehrt auch meine (spirituelle) Vergangenheit und Zukunft. \u00dcber die Fernsehreihe &#8222;Mein erstes Leben&#8220; erfuhr ich von der M\u00f6glichkeit, in einer R\u00fcckf\u00fchrung ein fr\u00fcheres Leben zu erinnern. Ich las auch das Buch &#8222;Die Reisen der Seele&#8220; des Hypnotherapeuten Michael Newton, das beschreibt, wie Menschen in tiefer Trance sich bei einer R\u00fcckf\u00fchrung nicht nur an fr\u00fchere Leben erinnern konnten, sondern auch an das Sterben &#8211; und an das Dasein im Leben-zwischen-den-Leben als Seele in einer geistigen Wirklichkeit. Hatte ich selbst fr\u00fchere Leben? Wer bin ich in meinem h\u00f6heren Selbst, als Seele? Warum bin ich jetzt hier auf Erden? Was ist meine Lebensaufgabe? <\/p>\n\n\n\n<p>2009\/2010 und 2021 lie\u00df ich mich selbst zur\u00fcckf\u00fchren, um Antworten zu finden. Es waren f\u00fcr mich tiefpr\u00e4gende Erfahrungen von einer Art, Qualit\u00e4t und Intensit\u00e4t, die im irdischen Wachbewusstsein so nicht erreichbar gewesen w\u00e4ren. F\u00fcr meinen Weg sind sie unsch\u00e4tzbar wertvoll.<\/p>\n\n\n\n<p>Die aus den R\u00fcckf\u00fchrungen gewonnenen spirituellen Erkenntnisse vertiefte ich durch weitere esoterische Quellen. Ich befasste mich mit meinem Geburtshoroskop, meiner numerologischen Lebensaufgabenzahl, dem Tiroler Zahlenrad und den meinem Geburtsdatum zugeordneten Engeln der Kabbala. Alle Quellen waren f\u00fcr mich miteinander vereinbar und in meine Lebenserfahrung integrierbar.<\/p>\n\n\n\n<p>Die Suche nach Selbsterkenntnis ist eine Lebensaufgabe und dauert entsprechend auch das ganze Leben lang an. Man lernt nie dabei nie aus. Die Suche nach Selbsterkenntnis war meine erste Suche, aus der weitere erwuchsen. <\/p>\n\n\n\n<h2 class=\"wp-block-heading\" id=\"meine-suche-nach-sinn\">Meine Suche nach Sinn<\/h2>\n\n\n\n<p>Vor allem meine Fragen nach dem Warum meines irdischen Lebens und meiner Lebensaufgabe m\u00fcndeten in die Suche nach Sinn. Zun\u00e4chst dachte ich, ich m\u00fcsste nur den richtigen Job f\u00fcr mich finden und das w\u00e4re dann schon der gesuchte Sinn. Doch tats\u00e4chlich f\u00fchrte mich dieses Fragen noch weiter, tiefer bis hin zum letzten Sinn, dem Sinn selbst, hinter den man nicht noch weiter zur\u00fcckgehen kann. So landete ich bei Gott. Ihn erkannte ich als Sinn \u00fcberhaupt und von allem und also auch als meinen Sinn. <\/p>\n\n\n\n<p>Dass die Antwort auf meine Sinnfrage &#8222;Gott&#8220; lautete und Gott f\u00fcr mich der liebe Gott und der christliche Gottvater ist, liegt an meiner pers\u00f6nlichen Sozialisation. &#8222;Gott&#8220; begegnet jedem Menschen anders und ist dann auch f\u00fcr jeden Menschen anders. Er begegnet uns, wenn wir Ihn suchen. Wenn wir Ihn nicht suchen, l\u00e4sst Er uns gew\u00e4hren und wir k\u00f6nnen frei ohne Ihn leben. Wenn wir Ihn suchen, l\u00e4sst Er sich aber von uns auch finden. Er zeigt sich uns dann so, dass wir Ihn erkennen und wissen, dass unsere Suche erfolgreich war.<\/p>\n\n\n\n<h2 class=\"wp-block-heading\" id=\"die-suche-nach-meiner-beruflichen-berufung\">Die Suche nach meiner beruflichen Berufung<\/h2>\n\n\n\n<p>Mit dem Finden von Gott war meine Suche nach Sinn abgeschlossen. Doch nun begann eine neue Suche f\u00fcr mich, die Suche nach meiner Berufung. Ich dachte zuerst, meine Berufung w\u00fcrde dort liegen, wo mir ihre Existenz bewusst geworden war: im Kloster. Doch dort konnte ich nicht bleiben. In den sieben Wochen, in denen ich diesen Weg f\u00fcr mich ausprobierte, merkte ich, dass mir in der Gemeinschaft der Schwestern die partnerschaftlich-famili\u00e4re, herzliche Liebe fehlte. Au\u00dferdem erkannte ich, dass ein R\u00fcckzug aus der Welt f\u00fcr mich der falsche Weg war. Ich bin berufen, um <em>in<\/em> der Welt zu leben und zu wirken. <\/p>\n\n\n\n<p>Das Theologiestudium im Anschluss an den Klosteraufenthalt war Teil meiner beruflichen Berufung, doch die \u00fcblicherweise damit verbundenen Ziele eines kirchlichen Berufes erwiesen sich dann ebenfalls als nicht passend f\u00fcr mich. Stattdessen tauchte in mir die Vision auf, mich als spirituelle Lebensberaterin selbstst\u00e4ndig zu machen. Ob diese Vision in Erf\u00fcllung geht, wird sich darin zeigen, ob Du Dich von meinen Worten angesprochen f\u00fchlst und eine Beratung von mir w\u00fcnschst. Falls sich die Vision nicht erf\u00fcllt, geht diese Suche f\u00fcr mich weiter.<\/p>\n\n\n\n<h2 class=\"wp-block-heading\" id=\"die-suche-nach-meiner-liebesberufung\">Die Suche nach meiner Liebesberufung<\/h2>\n\n\n\n<p>Meine Berufung gefunden habe ich in der LIEBE. Doch diese Suche war lange und schmerzhaft. Acht Jahre lang suchte ich nach einem Partner f\u00fcrs Leben. Ich gab Unsummen an Geld aus f\u00fcr die Online-Partnerb\u00f6rsen und erkaufte mir damit Hoffnung. Doch lange Zeit tat sich fast nichts. Ich hatte nur sporadisch schriftliche Kontakte, die h\u00e4ufig vom Gegen\u00fcber abgebrochen wurden, sobald ich mein Foto freischaltete. Ab und an kam es zu einem Date. In meiner Heimatstadt Mainz habe ich auf diese Weise so ziemlich jedes Caf\u00e9 in der Innenstadt mindestens einmal besucht. Ich war mit 25 Jahren noch immer ungek\u00fcsst und dachte, dass ich einst sterben m\u00fcsste, ohne je die Liebe eines Mannes erfahren zu haben. Das \u00e4nderte sich in der Folge zwar, doch hatte ich dann allenfalls Kurzzeitbeziehungen von maximal mehreren Monaten. Ich verzweifelte dar\u00fcber immer wieder und haderte mit Gott, dass Er mir die Liebe scheinbar nicht g\u00f6nnen wollte. Ich habe diese acht Jahre der Partnersuche meine &#8222;Zeit des Liebesfrusts&#8220; genannt. <\/p>\n\n\n\n<p>Doch dann kam 2018 David in mein Leben und alles wurde gut. In ihm habe ich weit mehr als den Partner gefunden, den ich mir immer gew\u00fcnscht habe, denn niemals h\u00e4tte ich es f\u00fcr m\u00f6glich gehalten, dass es einen so wundervollen Menschen wie David \u00fcberhaupt geben k\u00f6nnte. Die Partnersuche ist abgeschlossen. Nun sind wir in Liebe vereint. F\u00fcr immer.<\/p>\n\n\n\n<h2 class=\"wp-block-heading\" id=\"meine-uberraschungsberufung\">Meine \u00dcberraschungsberufung<\/h2>\n\n\n\n<p>Meine Berufung gefunden habe ich auch im Wing Chun-Kung Fu. Das ist sicherlich eine der erstaunlichsten Wendungen auf meinem ohnehin sehr ungew\u00f6hnlichen Lebensweg. &#8211; Kleine Warnung an den Leser: Jetzt wird es richtig abgedreht! \ud83d\ude09 &#8211; Noch zu Schulzeiten hielt ich mich f\u00fcr vollkommen unsportlich. Ich wurde stets als Letzte f\u00fcr ein Team ausgew\u00e4hlt, schaffte als Einzige bei den Bundesjugendspielen noch nicht einmal eine einfache Siegerurkunde und hatte eine 4,0 als Abiturnote in Sport bei einem Notendurchschnitt von 1,3. Mein Motto lautete: &#8222;Sport ist Mord&#8220;. Ich feierte meine letzte Stunde Schulsport und machte daraufhin einige Jahre lang sportlich wirklich rein gar nichts. Dann fing ich widerwillig an zu joggen, aber das tat ich ausschlie\u00dflich f\u00fcr die Figur. <\/p>\n\n\n\n<p>Die Wende kam 2018\/2019. David zeigte mir die MartialArts-Filme \u00fcber den Wing Chun-Gro\u00dfmeister Ip Man. Von Anfang an sp\u00fcrte ich eine tiefe spirituelle Verbindung zu diesem chinesischen Mann aus dem fr\u00fchen 20. Jahrhundert, die mit nichts zu erkl\u00e4ren ist. Am 16. Dezember 2018 machte ich dann eine Meditation, in der ich eigentlich Gott fragen wollte, was es mit dieser mysteri\u00f6sen Verbindung auf sich hat. Doch diese Meditation verlief ganz anders als geplant: Meine Seele rief nach Ip Man und er kam tats\u00e4chlich zu mir. Er sagte mir, er k\u00f6nne mich zu seiner Nachfolgerin ausbilden und er b\u00f6te mir an, mein Geistf\u00fchrer zu werden, sofern ich das wollte. Ich nahm sein Angebot an. <\/p>\n\n\n\n<p>Damit war f\u00fcr mich zun\u00e4chst aber noch keineswegs der Schluss verbunden, dass ich nun auch Wing Chun lernen w\u00fcrde, die Kampfkunst, in deren Dienst Ip Man sein gesamtes irdisches Leben gestellt hat. Doch zunehmend sp\u00fcrte ich den Wunsch in mir, es doch zu versuchen. Ich hatte gro\u00dfe Angst davor, dass dieser Versuch an meinem mangelnden sportlichen Talent und meinen schlechten Erfahrungen im Gruppensport scheitern k\u00f6nnte. Doch im April 2019 wagte ich es und meldete mich an zum Probetraining. Und schon in diesem Probetraining wusste ich, dass Wing Chun mein Leben ist und dass ich nie mehr damit aufh\u00f6ren werde. <\/p>\n\n\n\n<p>Es ist immer noch wie ein Wunder f\u00fcr mich, aber jede Minute, in der ich Wing Chun mache, bin ich so vollkommen ich selbst wie sonst nie. Ich bin in meinem ureigenen Element. Wenn ich Wing Chun mache, bin ich schon jetzt im Nirvana. All meine spirituellen Themen spiegeln sich im Wing Chun wider. Mein Weg ist der Weg des Kriegers bzw. der Kriegerin.<\/p>\n\n\n\n<h2 class=\"wp-block-heading\" id=\"meine-suche-nach-wirklichkeitserkenntnis\">Meine Suche nach Wirklichkeitserkenntnis<\/h2>\n\n\n\n<p>Je weiter ich auf dem Weg vorankam, umso st\u00e4rker wurden mein Bed\u00fcrfnis und folglich meine Suche nach Wirklichkeitserkenntnis. Da ich gro\u00dfe Angst vor dem Tod als <em>der<\/em> gro\u00dfen Unbekannten des Lebens habe, wollte ich zu Lebzeiten schon m\u00f6glichst viel \u00fcber den Tod in Erfahrung bringen, um mich von der Angst davor zu befreien. Was erwartet uns im Tod? Das war und ist eine ganz zentrale Frage f\u00fcr mich, nach deren Antworten ich weiterhin suche. <\/p>\n\n\n\n<p>Religion und spirituelle Literatur sind naheliegende Quellen f\u00fcr einen ersten Zugang. Doch besteht dabei f\u00fcr mich pers\u00f6nlich immer das Problem, dass ich auf diesem Weg zun\u00e4chst nur reines Theoriewissen erwerben kann. Ich aber brauche Wissen aus eigener Erfahrung, um Dinge glauben zu k\u00f6nnen. Darin bin ich dem &#8222;ungl\u00e4ubigen Thomas&#8220; sehr \u00e4hnlich. Deswegen habe ich mir von Anfang an auf meinem Weg erfahrungsbasierte und pers\u00f6nlich-individuelle Zug\u00e4nge gesucht. Schon der Einstieg \u00fcber die Analyse meiner eigenen Tr\u00e4ume war ein solcher Zugang, ebenso die R\u00fcckf\u00fchrungen. An wichtigen Lebensstationen habe ich oft die Tarotkarten befragt und als Entscheidungshilfe genutzt. <\/p>\n\n\n\n<p>Wichtig bei Tarotkarten wie bei Horoskopen und \u00fcberhaupt allen spirituellen Quellen ist der souver\u00e4ne Umgang mit ihnen: Unser Weg ist NIEMALS determiniert. Wir sind immer frei darin seinen Verlauf selbst zu bestimmen. Wir k\u00f6nnen uns immer frei entscheiden, ob wir eine spirituelle Aussage f\u00fcr uns gelten lassen wollen oder nicht. Es kann auch ratsam sein, sich im Vorfeld genau zu \u00fcberlegen, ob man die Antwort auf eine Frage wirklich wissen will. Wenn nicht, sollte man sie gar nicht erst stellen. Unwissenheit KANN ein Segen sein.<\/p>\n\n\n\n<h2 class=\"wp-block-heading\" id=\"was-erwartet-uns-im-tod\">Was erwartet uns im Tod?<\/h2>\n\n\n\n<p>Die Frage, was uns im Tod erwartet, l\u00e4sst sich nicht innerweltlich beantworten. Alle Antworten darauf sind spiritueller Natur und stammen aus spirituellen Quellen. Wer bereit ist, sich darauf einzulassen und zu <em>glauben<\/em>, statt nur irdisch belegbares Tatsachenwissen f\u00fcr sich gelten zu lassen, der kann auf dem Weg mittels der eigenen Intuition sukzessive Antworten auf praktisch alle Fragen finden, die ihn umtreiben. Das baut \u00c4ngste ab und st\u00e4rkt den Glauben, der so immer mehr zu einer Art von Wissen wird, ein <em>Glaube mit Gewissheit<\/em>. <\/p>\n\n\n\n<p>Ich glaube mit Gewissheit, dass das Leben im Tod weitergeht. Das Leben jedes Menschen besteht aus einer irdischen und einer geistigen Lebensphase. Nur beide zusammen ergeben das komplette Leben eines Menschen. Sterben bedeutet den \u00dcbergang von der irdischen in die geistige Phase. Das Verh\u00e4ltnis der Phasen zueinander variiert bez\u00fcglich Dauer und Intensit\u00e4t von Mensch zu Mensch. Es kommt h\u00e4ufig vor, dass ein irdisches Leben unvollendet bleibt, doch bietet die geistige Lebensphase dann jedem Menschen die Chance zur Vollendung seines Lebens. Hier k\u00f6nnen wir erleben und lernen, was zu irdischen Lebzeiten nicht m\u00f6glich war. Hier k\u00f6nnen wir Verletzungen heilen und Verfehlungen wiedergutmachen.<\/p>\n\n\n\n<p>Der Mensch in der geistigen Lebensphase ist immer noch derselbe Mensch wie der irdische. Der Unterschied besteht lediglich darin, dass wir im geistigen Leben unser Bewusstsein frei ausdehnen k\u00f6nnen, so dass es unser konkretes irdisches Ich \u00fcbersteigen kann und all unsere fr\u00fcheren wie k\u00fcnftigen Leben umfasst. Wir werden dann eins mit unserem h\u00f6heren Selbst. Und wir k\u00f6nnen unser Bewusstsein noch weiter ausdehnen, so dass es Kollektive umfasst und sich schlie\u00dflich zum Allbewusstsein mit allem Leben vereint. Doch haben wir immer die Wahl, in jedem Moment ganz in unser konkretes menschliches Ich-Bewusstsein zu gehen. Wir k\u00f6nnen das gigantische Allbewusstsein wieder konzentrieren auf unser kleines Ich, <em>wann immer wir das wollen<\/em>. <\/p>\n\n\n\n<p>In der irdischen Lebensphase steht uns die Freiheit zum Ausdehnen und Konzentrieren unseres Bewusstseins noch nicht zur Verf\u00fcgung. Ich verstehe so das irdische Sterben als eine Art ultimatives Bekehrungserlebnis. Bei jedem Bekehrungserlebnis stirbt der alte Mensch und der neue Mensch wird in uns geboren. Nicht jeder Mensch erlebt irdisch bereits Bekehrung, aber im Sterben erleben wir sie letztlich alle.<\/p>\n\n\n\n<h2 class=\"wp-block-heading\" id=\"kontakt-zur-geistigen-welt\">Kontakt zur geistigen Welt<\/h2>\n\n\n\n<p>Meine Erkenntnisse zur Wirklichkeit ziehe ich zum gr\u00f6\u00dften Teil aus dem direkten Kontakt zur geistigen Welt. Ich richte Fragen an meinen Geistf\u00fchrer und er beantwortet sie mir. Da er selbst ein Mensch ist, kann er mir Antworten so geben, dass ich sie auch verstehen kann. Ich kann ihm vertrauen, weil wir wesensgleich sind. Sich mit Buddha oder sogar mit Gott zu unterhalten, ist auch m\u00f6glich, doch sind ihre Antworten oft sehr allgemein oder unbegreiflich f\u00fcr mich. Au\u00dferdem ist ihr Verhalten h\u00e4ufig nicht durchschaubar und wirkt dann willk\u00fcrlich und unberechenbar, was das Vertrauen wiederum schwer macht. Gott ist eben Gott und entzieht sich dem Begreifen immer wieder. Der liebe Gott hat zuweilen eine schr\u00e4ge Definition von Liebe. Trotz allem aber ist es unterm Strich f\u00fcr mich immer noch ein besseres Gef\u00fchl mit Gott zu leben als ohne Ihn. Doch die tiefste Zuneigung und das gr\u00f6\u00dfte Vertrauen habe ich zu meinem Geistf\u00fchrer.<\/p>\n\n\n\n<p>F\u00fcr die Initialbegegnung mit dem eigenen Geistf\u00fchrer bietet eine R\u00fcckf\u00fchrung in das Leben-zwischen-den-Leben einen besonders geeigneten Zugang, doch ist es nicht der einzige. Ich selbst bin meinem Geistf\u00fchrer Meister Ip erstmals in einer eigentlich ganz normalen Meditation (begleitet von Entspannungsmusik) begegnet. Es gibt viele Wege, um Kontakt zur geistigen Welt aufzunehmen und zu pflegen. Eine M\u00f6glichkeit bietet das Ouija-Brett, doch ist das oft m\u00fchsam und wenig ergiebig, wenn man es mit einem Geist zu tun hat, der sich schlecht mit menschlichen Worten ausdr\u00fccken kann. Die direkte Kommunikation mit Geistwesen, wo man ihre Pr\u00e4senz f\u00fchlt\/sieht und ihre Antworten geistig h\u00f6rt, ist scheinbar nicht f\u00fcr jeden Menschen ohne weiteres m\u00f6glich, doch l\u00e4sst sich auch das \u00fcben und mit der Zeit verbessern, wenn der Wille, die Offenheit und die Bereitschaft vorhanden sind. Bilder und Fotos k\u00f6nnen die Kommunikation erleichtern und unterst\u00fctzen. So f\u00e4llt es auch mir am leichtesten mich mit Meister Ip zu unterhalten, wenn ich sein Portrait dabei ansehe.<\/p>\n\n\n\n<h2 class=\"wp-block-heading\" id=\"wahlen-entscheiden-und-tun\">W\u00e4hlen, Entscheiden und Tun<\/h2>\n\n\n\n<p>Beim W\u00e4hlen, Entscheiden und Tun kommt es vor allem auf den eigenen <em>Willen<\/em> an. Dieser kann uns anfangs noch verborgen sein als Wunsch, der in unserem Herzen schlummert. Die geistige Welt unterst\u00fctzt uns dabei, solche Herzensw\u00fcnsche aufzuwecken und zu verwirklichen. Sie nimmt uns aber niemals eine Entscheidung ab. Wenn wir im Entscheidungsprozess noch keinen klaren Willen haben, dann m\u00fcssen wir ihn erst finden, was teilweise nur in einem m\u00fchsamen Ringen geht, das &#8211; je nach Bedeutsamkeit der zu treffenden Entscheidung &#8211; bis in existentielle Tiefen hinabreichen kann, in denen wir alle Alternativen voll durchspielen m\u00fcssen, bis die Entscheidung schlie\u00dflich steht und f\u00e4llt. Entlastend ist dabei, dass von uns keineswegs erwartet wird, dass wir aus rein edlen Motiven entscheiden. Auch m\u00fcssen wir nicht alle Konsequenzen einer Entscheidung absehen k\u00f6nnen. Wenn wir unsere Entscheidung bewusst getroffen haben, unterst\u00fctzt uns die geistige Welt <em>in jedem Fall<\/em> bei der Umsetzung. Gott ist wirklich gut darin, aus der gr\u00f6\u00dften Schei\u00dfe das Allerbeste zu machen.<\/p>\n\n\n\n<p>Ich pers\u00f6nlich tue mich h\u00e4ufig schwer im Entscheiden, weil ich unbedingt alles richtig machen will und ich nicht gew\u00e4hlte Optionen nur schwer loslassen kann. Doch spricht meine Erfahrung eindeutig daf\u00fcr, dass es sich lohnt einen bewussten Entscheidungsprozess voll durchzumachen.<\/p>\n\n\n\n<h2 class=\"wp-block-heading\" id=\"reflektieren-verstehen-und-fortschreiten\">Reflektieren, Verstehen und Fortschreiten<\/h2>\n\n\n\n<p>Reflektieren ist meiner Erfahrung nach ganz besonders wichtig, um zu verstehen und um in der Entwicklung fortzuschreiten. Es lohnt sich, insbesondere auch \u00fcber schlechte Erfahrungen und schlimme Erlebnisse nachzudenken, denn oft steckt darin ein gro\u00dfes Wachstumspotential und es gibt so trotz allen Leides doch noch ein bisschen positiven Lerneffekt, was immerhin ein kleiner Trost sein kann. <\/p>\n\n\n\n<p>Ich mache meine eigenen Reflexionen \u00fcber Tagebucheintr\u00e4ge und kann jedem Menschen das Tagebuch als Reflexionsmedium uneingeschr\u00e4nkt empfehlen. Ich schreibe seit meinem Klostereintritt im April 2013 Tagebuch, doch habe ich schon zu der Zeit, als ich viel Traumanalyse gemacht habe, ein Traumtagebuch gef\u00fchrt, in dem ich Tr\u00e4ume und ihre Assoziationen und Deutungen festgehalten habe. Das Schreiben hilft mir sehr beim Kl\u00e4ren von verworrenen Gef\u00fchlslagen und h\u00e4ufig verstehe ich Dinge erst in dem Moment, in dem ich sie aufschreibe, oder ich sehe sie dann pl\u00f6tzlich in einem ganz neuen Licht. Zum Erkennen des eigenen Entwicklungsfortschritts kann es sehr hilfreich sein, einmal l\u00e4nger zur\u00fcck liegende Tagebucheintr\u00e4ge zu einem bestimmten Thema nachzulesen und das Thema auf dieser Basis neu zu durchdenken.<\/p>\n","protected":false},"excerpt":{"rendered":"<p>Hier will ich Dir etwas ausf\u00fchrlicher erz\u00e4hlen, wie ich selbst den Weg gegangen bin, den ich hier vorstelle und empfehle, den Weg der Selbsterkenntnis, Wirklichkeitserkenntnis und Weiterentwicklung. Mein Leben beweist: Der Weg funktioniert! Mein Anfang Mein Anfang war ein latent <a class=\"more-link\" href=\"https:\/\/janina.herz-geist-unio.de\/?page_id=27\">weiterlesen&#8230;<\/a><\/p>\n","protected":false},"author":1,"featured_media":0,"parent":0,"menu_order":0,"comment_status":"closed","ping_status":"closed","template":"","meta":{"footnotes":""},"class_list":["post-27","page","type-page","status-publish","hentry"],"_links":{"self":[{"href":"https:\/\/janina.herz-geist-unio.de\/index.php?rest_route=\/wp\/v2\/pages\/27","targetHints":{"allow":["GET"]}}],"collection":[{"href":"https:\/\/janina.herz-geist-unio.de\/index.php?rest_route=\/wp\/v2\/pages"}],"about":[{"href":"https:\/\/janina.herz-geist-unio.de\/index.php?rest_route=\/wp\/v2\/types\/page"}],"author":[{"embeddable":true,"href":"https:\/\/janina.herz-geist-unio.de\/index.php?rest_route=\/wp\/v2\/users\/1"}],"replies":[{"embeddable":true,"href":"https:\/\/janina.herz-geist-unio.de\/index.php?rest_route=%2Fwp%2Fv2%2Fcomments&post=27"}],"version-history":[{"count":18,"href":"https:\/\/janina.herz-geist-unio.de\/index.php?rest_route=\/wp\/v2\/pages\/27\/revisions"}],"predecessor-version":[{"id":344,"href":"https:\/\/janina.herz-geist-unio.de\/index.php?rest_route=\/wp\/v2\/pages\/27\/revisions\/344"}],"wp:attachment":[{"href":"https:\/\/janina.herz-geist-unio.de\/index.php?rest_route=%2Fwp%2Fv2%2Fmedia&parent=27"}],"curies":[{"name":"wp","href":"https:\/\/api.w.org\/{rel}","templated":true}]}}