{"id":29,"date":"2021-11-20T18:35:50","date_gmt":"2021-11-20T17:35:50","guid":{"rendered":"https:\/\/janina.herz-geist-unio.de\/?page_id=29"},"modified":"2022-02-09T16:37:45","modified_gmt":"2022-02-09T15:37:45","slug":"richtig-fragen","status":"publish","type":"page","link":"https:\/\/janina.herz-geist-unio.de\/?page_id=29","title":{"rendered":"Richtig fragen"},"content":{"rendered":"\n<figure class=\"wp-block-image size-large\"><img loading=\"lazy\" decoding=\"async\" width=\"739\" height=\"1024\" src=\"https:\/\/janina.herz-geist-unio.de\/wp-content\/uploads\/2022\/02\/Suche-nach-Gott-739x1024.jpg\" alt=\"\" class=\"wp-image-325\" srcset=\"https:\/\/janina.herz-geist-unio.de\/wp-content\/uploads\/2022\/02\/Suche-nach-Gott-739x1024.jpg 739w, https:\/\/janina.herz-geist-unio.de\/wp-content\/uploads\/2022\/02\/Suche-nach-Gott-217x300.jpg 217w, https:\/\/janina.herz-geist-unio.de\/wp-content\/uploads\/2022\/02\/Suche-nach-Gott-768x1064.jpg 768w, https:\/\/janina.herz-geist-unio.de\/wp-content\/uploads\/2022\/02\/Suche-nach-Gott-1109x1536.jpg 1109w, https:\/\/janina.herz-geist-unio.de\/wp-content\/uploads\/2022\/02\/Suche-nach-Gott-1478x2048.jpg 1478w, https:\/\/janina.herz-geist-unio.de\/wp-content\/uploads\/2022\/02\/Suche-nach-Gott-scaled.jpg 1848w\" sizes=\"auto, (max-width: 739px) 100vw, 739px\" \/><figcaption>&#8222;Suche nach Gott&#8220; gemalt von DaWi<\/figcaption><\/figure>\n\n\n\n<p class=\"has-drop-cap\">Viele Menschen suchen zwar nach Antworten, aber was sie dann finden, stellt sie dennoch nicht zufrieden. Das liegt oft daran, dass die gefundenen Antworten auf Fragen antworten, die diese Menschen selbst gar nicht gestellt haben. Wer kein Problem an einer Stelle f\u00fcr sich sieht, der braucht auch keine L\u00f6sung f\u00fcr dieses Problem. Da wirkt es eher aufdringlich und unangenehm, wenn einem Antworten und L\u00f6sungen aufgedr\u00e4ngt werden f\u00fcr Fragen und Probleme, die der eigenen Wahrnehmung nach gar nicht existieren.<\/p>\n\n\n\n<p>Um gezielt und passend Antworten f\u00fcr Dich finden zu k\u00f6nnen, solltest Du Dir zuerst \u00fcber Deine Fragen klarwerden. Es geht darum, richtig zu fragen. Dabei gibt es keine &#8222;falschen&#8220; Fragen, sondern Du darfst alle Fragen stellen, die <em>f\u00fcr Dich<\/em> richtig sind, die Dich besch\u00e4ftigen und bewegen und die eine Bedeutung f\u00fcr Dich haben. Das sind Sinnfragen, Grundsatzfragen, Lebensfragen. Wer bin ich? Wo befinde ich mich auf dem Weg? Wo will ich hin?<\/p>\n\n\n\n<p>Ich will Dir helfen, richtig zu fragen. Dazu biete ich Dir ein Grundlagengespr\u00e4ch zur Lebensorientierung an.<\/p>\n","protected":false},"excerpt":{"rendered":"<p>Viele Menschen suchen zwar nach Antworten, aber was sie dann finden, stellt sie dennoch nicht zufrieden. Das liegt oft daran, dass die gefundenen Antworten auf Fragen antworten, die diese Menschen selbst gar nicht gestellt haben. Wer kein Problem an einer <a class=\"more-link\" href=\"https:\/\/janina.herz-geist-unio.de\/?page_id=29\">weiterlesen&#8230;<\/a><\/p>\n","protected":false},"author":1,"featured_media":0,"parent":0,"menu_order":0,"comment_status":"closed","ping_status":"closed","template":"","meta":{"footnotes":""},"class_list":["post-29","page","type-page","status-publish","hentry"],"_links":{"self":[{"href":"https:\/\/janina.herz-geist-unio.de\/index.php?rest_route=\/wp\/v2\/pages\/29","targetHints":{"allow":["GET"]}}],"collection":[{"href":"https:\/\/janina.herz-geist-unio.de\/index.php?rest_route=\/wp\/v2\/pages"}],"about":[{"href":"https:\/\/janina.herz-geist-unio.de\/index.php?rest_route=\/wp\/v2\/types\/page"}],"author":[{"embeddable":true,"href":"https:\/\/janina.herz-geist-unio.de\/index.php?rest_route=\/wp\/v2\/users\/1"}],"replies":[{"embeddable":true,"href":"https:\/\/janina.herz-geist-unio.de\/index.php?rest_route=%2Fwp%2Fv2%2Fcomments&post=29"}],"version-history":[{"count":6,"href":"https:\/\/janina.herz-geist-unio.de\/index.php?rest_route=\/wp\/v2\/pages\/29\/revisions"}],"predecessor-version":[{"id":327,"href":"https:\/\/janina.herz-geist-unio.de\/index.php?rest_route=\/wp\/v2\/pages\/29\/revisions\/327"}],"wp:attachment":[{"href":"https:\/\/janina.herz-geist-unio.de\/index.php?rest_route=%2Fwp%2Fv2%2Fmedia&parent=29"}],"curies":[{"name":"wp","href":"https:\/\/api.w.org\/{rel}","templated":true}]}}