{"id":31,"date":"2021-11-20T18:36:05","date_gmt":"2021-11-20T17:36:05","guid":{"rendered":"https:\/\/janina.herz-geist-unio.de\/?page_id=31"},"modified":"2022-02-09T16:25:45","modified_gmt":"2022-02-09T15:25:45","slug":"liebe-erleben","status":"publish","type":"page","link":"https:\/\/janina.herz-geist-unio.de\/?page_id=31","title":{"rendered":"Liebe erleben"},"content":{"rendered":"\n<figure class=\"wp-block-image size-large\"><img loading=\"lazy\" decoding=\"async\" width=\"725\" height=\"1024\" src=\"https:\/\/janina.herz-geist-unio.de\/wp-content\/uploads\/2022\/02\/Flirt-mit-der-Unendlichkeit-725x1024.jpg\" alt=\"\" class=\"wp-image-315\" srcset=\"https:\/\/janina.herz-geist-unio.de\/wp-content\/uploads\/2022\/02\/Flirt-mit-der-Unendlichkeit-725x1024.jpg 725w, https:\/\/janina.herz-geist-unio.de\/wp-content\/uploads\/2022\/02\/Flirt-mit-der-Unendlichkeit-212x300.jpg 212w, https:\/\/janina.herz-geist-unio.de\/wp-content\/uploads\/2022\/02\/Flirt-mit-der-Unendlichkeit-768x1085.jpg 768w, https:\/\/janina.herz-geist-unio.de\/wp-content\/uploads\/2022\/02\/Flirt-mit-der-Unendlichkeit-1087x1536.jpg 1087w, https:\/\/janina.herz-geist-unio.de\/wp-content\/uploads\/2022\/02\/Flirt-mit-der-Unendlichkeit-1450x2048.jpg 1450w, https:\/\/janina.herz-geist-unio.de\/wp-content\/uploads\/2022\/02\/Flirt-mit-der-Unendlichkeit-scaled.jpg 1812w\" sizes=\"auto, (max-width: 725px) 100vw, 725px\" \/><figcaption>&#8222;Flirt mit der Unendlichkeit&#8220; gemalt von DaWi<\/figcaption><\/figure>\n\n\n\n<p class=\"has-drop-cap\">Mein gr\u00f6\u00dfter Herzenswunsch ist es, dass jeder Mensch auf Erden LIEBE erlebt. Ich will DIR meine Liebe schenken &#8211; wenn Du sie willst.<\/p>\n\n\n\n<p>Bei diesem Angebot geht es ausdr\u00fccklich NICHT um erotische Liebe! Es geht um die Erfahrung, einfach nur geliebt zu werden um seiner selbst willen, so, wie man ist, und gerade weil man so ist, wie man ist, ohne irgendeine Leistung erbringen zu m\u00fcssen und unabh\u00e4ngig davon, ob man &#8222;ein guter Mensch&#8220; ist.<\/p>\n\n\n\n<p>Ich glaube, dass Gewalt immer aus Unerfahrenheit mit der Liebe resultiert. Wer Gewalt anwendet oder skrupellos egoistische Interessen auf Kosten anderer verfolgt, dessen Herz ist leer und in der Liebe unerf\u00fcllt. Um nicht selbst noch mehr verletzt zu werden und um nicht immer an diese innere Leere und Traurigkeit erinnert zu werden, verh\u00e4rten diese Menschen ihr Herz. So sind sie nach au\u00dfen hin stark und werden oft ebenso bewundert wie gef\u00fcrchtet. Doch geliebt werden sie nicht und so k\u00f6nnen sie auch nicht heil werden. <\/p>\n\n\n\n<p>Doch wenn ein Mensch einmal im Leben die Erfahrung wahrer Liebe macht, wenn er wenigstens ein einziges Mal von der Liebe ber\u00fchrt wird und sei es auch nur f\u00fcr wenige Sekunden, dann wird er nie mehr gewaltt\u00e4tig sein k\u00f6nnen. Denn die Liebe entwaffnet und erneuert von Grund auf. Ein neuer Mensch wird geboren.<\/p>\n\n\n\n<p>Ich m\u00f6chte Menschen meine Liebe schenken und die Liebe als Wirklichkeit zeigen, die sonst niemand liebt und die glauben, dass sie nicht liebenswert sind oder selbst gar nicht dazu f\u00e4hig sind zu lieben. Ich m\u00f6chte Dir zeigen, wie es sich anf\u00fchlt, geliebt zu werden.<\/p>\n","protected":false},"excerpt":{"rendered":"<p>Mein gr\u00f6\u00dfter Herzenswunsch ist es, dass jeder Mensch auf Erden LIEBE erlebt. Ich will DIR meine Liebe schenken &#8211; wenn Du sie willst. Bei diesem Angebot geht es ausdr\u00fccklich NICHT um erotische Liebe! Es geht um die Erfahrung, einfach nur <a class=\"more-link\" href=\"https:\/\/janina.herz-geist-unio.de\/?page_id=31\">weiterlesen&#8230;<\/a><\/p>\n","protected":false},"author":1,"featured_media":0,"parent":0,"menu_order":0,"comment_status":"closed","ping_status":"closed","template":"","meta":{"footnotes":""},"class_list":["post-31","page","type-page","status-publish","hentry"],"_links":{"self":[{"href":"https:\/\/janina.herz-geist-unio.de\/index.php?rest_route=\/wp\/v2\/pages\/31","targetHints":{"allow":["GET"]}}],"collection":[{"href":"https:\/\/janina.herz-geist-unio.de\/index.php?rest_route=\/wp\/v2\/pages"}],"about":[{"href":"https:\/\/janina.herz-geist-unio.de\/index.php?rest_route=\/wp\/v2\/types\/page"}],"author":[{"embeddable":true,"href":"https:\/\/janina.herz-geist-unio.de\/index.php?rest_route=\/wp\/v2\/users\/1"}],"replies":[{"embeddable":true,"href":"https:\/\/janina.herz-geist-unio.de\/index.php?rest_route=%2Fwp%2Fv2%2Fcomments&post=31"}],"version-history":[{"count":7,"href":"https:\/\/janina.herz-geist-unio.de\/index.php?rest_route=\/wp\/v2\/pages\/31\/revisions"}],"predecessor-version":[{"id":316,"href":"https:\/\/janina.herz-geist-unio.de\/index.php?rest_route=\/wp\/v2\/pages\/31\/revisions\/316"}],"wp:attachment":[{"href":"https:\/\/janina.herz-geist-unio.de\/index.php?rest_route=%2Fwp%2Fv2%2Fmedia&parent=31"}],"curies":[{"name":"wp","href":"https:\/\/api.w.org\/{rel}","templated":true}]}}