{"id":37,"date":"2021-11-20T18:36:47","date_gmt":"2021-11-20T17:36:47","guid":{"rendered":"https:\/\/janina.herz-geist-unio.de\/?page_id=37"},"modified":"2022-02-09T16:27:56","modified_gmt":"2022-02-09T15:27:56","slug":"geistkontakt","status":"publish","type":"page","link":"https:\/\/janina.herz-geist-unio.de\/?page_id=37","title":{"rendered":"Geistkontakt"},"content":{"rendered":"\n<figure class=\"wp-block-image size-large\"><img loading=\"lazy\" decoding=\"async\" width=\"1024\" height=\"748\" src=\"https:\/\/janina.herz-geist-unio.de\/wp-content\/uploads\/2022\/02\/Geist-1024x748.jpg\" alt=\"\" class=\"wp-image-319\" srcset=\"https:\/\/janina.herz-geist-unio.de\/wp-content\/uploads\/2022\/02\/Geist-1024x748.jpg 1024w, https:\/\/janina.herz-geist-unio.de\/wp-content\/uploads\/2022\/02\/Geist-300x219.jpg 300w, https:\/\/janina.herz-geist-unio.de\/wp-content\/uploads\/2022\/02\/Geist-768x561.jpg 768w, https:\/\/janina.herz-geist-unio.de\/wp-content\/uploads\/2022\/02\/Geist-1536x1122.jpg 1536w, https:\/\/janina.herz-geist-unio.de\/wp-content\/uploads\/2022\/02\/Geist-2048x1495.jpg 2048w\" sizes=\"auto, (max-width: 1024px) 100vw, 1024px\" \/><figcaption>&#8222;Geist&#8220; gemalt von DaWi<\/figcaption><\/figure>\n\n\n\n<p class=\"has-drop-cap\">Der Kontakt zur geistigen Welt, zu Geistwesen und geistigen Menschen ist in der modernen Welt zu etwas sehr Ungew\u00f6hnlichem geworden und alles andere als selbstverst\u00e4ndlich. Viele Menschen glauben gar, dass es gar keine geistige Welt gibt, sondern nur die sichtbare Realit\u00e4t vor Augen. Aber selbst wenn sie keine hartgesottenen Materialisten sind, sind sie voller Zweifel und halten eine Kommunikation mit Geistwesen oft nicht f\u00fcr m\u00f6glich.<\/p>\n\n\n\n<p>Dazu kann ich aus meiner eigenen Lebenserfahrung heraus nur vollkommen \u00fcberzeugt und selbstbewusst sagen: Es gibt die geistige Welt, es gibt Geistwesen und geistige Menschen und es ist sehr wohl m\u00f6glich, mit ihnen zu kommunizieren. <\/p>\n\n\n\n<p>Ich lebe selbst selbstverst\u00e4ndlich mit meinem Geistf\u00fchrer Meister Ip und dem Geistf\u00fchrer meines Mannes in einer Art spiritueller Wohngemeinschaft zusammen. Ich habe ganz grunds\u00e4tzlich offenbar ein besonderes Talent, da ich Geistwesen sp\u00fcren, h\u00f6ren und mitunter sogar sehen kann (alles mit geistigen Sinnen und ohne \u00fcbergeschnappt zu sein ;-)). Initial wurde f\u00fcr mich der Kontakt zur geistigen Welt \u00fcber die R\u00fcckf\u00fchrung hergestellt, die ich gemacht habe. Seither habe ich den Kontakt gepflegt und ausgebaut, bis er zu einem lebensbereichernden Zusammenleben wurde. Vor allem der Kontakt zum eigenen Geistf\u00fchrer ist unsch\u00e4tzbar wertvoll, weil er immer sp\u00fcrbar da ist, was insbesondere dann besonders tr\u00f6stlich ist, wenn man sich einsam f\u00fchlt.<\/p>\n\n\n\n<p>Mir ist sehr wohl bewusst, dass ich mich m\u00f6glicherweise in den Augen rational-aufgekl\u00e4rter Menschen mit diesen Statements hier ins Abseits begebe. Ich habe auch sorgf\u00e4ltig \u00fcberlegt, ob ich den Geistkontakt \u00fcberhaupt meinem Angebot hinzuf\u00fcgen soll. Doch bin ich zu dem Schluss gekommen, dass ich das besondere Talent, dass ich aus irgendeinem Grund gut mit den Geistern &#8222;kann&#8220;, dass sie mich m\u00f6gen, zu mir kommen und zu mir sprechen, nicht f\u00fcr mich behalten darf, sondern in den Dienst der Menschen stellen sollte.<\/p>\n\n\n\n<p>Deshalb biete ich Dir an den Kontakt zu Geistwesen f\u00fcr Dich herzustellen, die Du gerne kontaktieren m\u00f6chtest. Das k\u00f6nnen Verstorbene sein, der eigene Geistf\u00fchrer, Engel oder sogar das eigene h\u00f6here Selbst in der geistigen Welt.<\/p>\n\n\n\n<p>Ganz wichtig zu beachten ist aber: ES GIBT KEINE GARANTIE. Es gibt keine Garantie daf\u00fcr, dass der gew\u00fcnschte Gespr\u00e4chspartner tats\u00e4chlich kommt und mit Dir sprechen will. Die Geister entziehen sich unserem Zugriff. Wenn sie sprechen, dann entscheiden sie allein, was sie uns sagen, und oft ist es nicht leicht zu verstehen oder aber es klingt extrem platt und banal. Geistwesen sind auch mindestens genauso verschieden wie Menschen. Es gibt kommunikativere Wesen, die sich besser und verst\u00e4ndlicher und fast wie Menschen mit Worten ausdr\u00fccken k\u00f6nnen. Es gibt aber auch Wesen, die nicht viel reden, die oft in f\u00fcr Menschen unverst\u00e4ndliche Geistsprache verfallen und die teilweise auch einfach als Geheimniskr\u00e4mer r\u00fcberkommen. Tendenziell k\u00f6nnen sich geistige Menschen, also irdisch Verstorbene, meist besser mit menschlichen Worten verst\u00e4ndlich machen als reine, nicht inkarnierte Geistwesen. Die Kommunikation mit Geistwesen ist in jedem Fall etwas sehr Spezielles und eine besondere Erfahrung.<\/p>\n\n\n\n<p>Ich biete Dir den Geistkontakt auf zwei Weisen an, die sich auch kombinieren lassen: \u00fcber das Ouija-Brett und \u00fcber mich als Medium (was ich &#8222;Geister-Dolmetschen&#8220; nenne).<\/p>\n\n\n\n<h2 class=\"wp-block-heading\" id=\"das-ouija-brett\">Das Ouija-Brett<\/h2>\n\n\n\n<figure class=\"wp-block-image size-large\"><img loading=\"lazy\" decoding=\"async\" width=\"1024\" height=\"662\" src=\"https:\/\/janina.herz-geist-unio.de\/wp-content\/uploads\/2021\/12\/Ouija-Brett-1-1024x662.jpg\" alt=\"\" class=\"wp-image-262\" srcset=\"https:\/\/janina.herz-geist-unio.de\/wp-content\/uploads\/2021\/12\/Ouija-Brett-1-1024x662.jpg 1024w, https:\/\/janina.herz-geist-unio.de\/wp-content\/uploads\/2021\/12\/Ouija-Brett-1-300x194.jpg 300w, https:\/\/janina.herz-geist-unio.de\/wp-content\/uploads\/2021\/12\/Ouija-Brett-1-768x496.jpg 768w, https:\/\/janina.herz-geist-unio.de\/wp-content\/uploads\/2021\/12\/Ouija-Brett-1-1536x993.jpg 1536w, https:\/\/janina.herz-geist-unio.de\/wp-content\/uploads\/2021\/12\/Ouija-Brett-1-2048x1324.jpg 2048w\" sizes=\"auto, (max-width: 1024px) 100vw, 1024px\" \/><figcaption>Mein pers\u00f6nliches Ouija-Brett.<\/figcaption><\/figure>\n\n\n\n<p>Beim Geistkontakt \u00fcber das Ouija-Brett als Kanal bist Du unmittelbar beteiligt und erlebst die Kommunikation selbst. Wir sitzen uns gegen\u00fcber, das Ouija-Brett in der Mitte und jeder legt einen Finger auf die Planchette. Du kannst das Geistwesen, das Du treffen m\u00f6chtest, selbst einladen und &#8211; falls es kommt &#8211; auch selbst Fragen an es richten. Dieser Kanal funktioniert unabh\u00e4ngig von m\u00f6glicher Beeinflussung durch mich und die Kommunikation wird f\u00fcr Dich eine direkte Erfahrung. Leider passiert es am Ouija-Brett aber sehr oft, dass die Geister keine verst\u00e4ndlichen Botschaften schreiben, wenn man sie frei schreiben l\u00e4sst. Au\u00dferdem kann es sehr lange dauern, bis ein Satz geschrieben ist und oftmals enth\u00e4lt er dann doch wieder Geistw\u00f6rter. Am besten funktionieren Fragen, die der Geist mit Ja oder Nein beantworten kann.<\/p>\n\n\n\n<h2 class=\"wp-block-heading\" id=\"geister-dolmetschen\">&#8222;Geister-Dolmetschen&#8220;<\/h2>\n\n\n\n<p>Beim Geistkontakt \u00fcber mich als Medium kann es sein, dass Du selbst keine direkte Erfahrung machst, es sei denn Du bist selbst sensitiv und sp\u00fcrst die Anwesenheit des gerufenen Geistwesens. Ich kann Dir genau beschreiben, was ich wahrnehme, und wenn Du Fragen stellst, kann ich Dir &#8222;dolmetschen&#8220;, was der Geist antwortet. So empfangene Botschaften k\u00f6nnen verst\u00e4ndlicher formuliert sein als am Ouija-Brett. Doch besteht die entscheidende Schwachstelle in mir als Medium: Es gibt f\u00fcr Dich keine M\u00f6glichkeit diesen Geistkontakt objektiv zu pr\u00fcfen und zu kontrollieren, dass ich meine Aufgabe richtig erf\u00fclle. Du musst mir voll und ganz vertrauen und das ist gerade auf diesem Gebiet sehr schwierig! <\/p>\n\n\n\n<p>Leider bin ich offenbar kein Medium, das Tatsachenwahrheiten richtig empf\u00e4ngt. Andere medial begabte Menschen scheinen das zu k\u00f6nnen, worum ich sie sehr beneide. Wenn man aber \u00fcber mich historische Fragen an einen Geist richtet, so wird die Antwort, die ich dann gebe in aller Regel wohl &#8222;nicht stimmen&#8220;. Misstrauen und Zweifel an meinen medialen F\u00e4higkeiten sind also mehr als angebracht und ich bekenne mich offen und ehrlich zu meinen Grenzen.<\/p>\n\n\n\n<p>Trotzdem biete ich Dir meinen Dienst als Medium im Geistkontakt an, denn abgesehen von (historischen) Tatsachenwahrheiten bin ich sehr gut darin, Geistwesen wahrzunehmen und zu h\u00f6ren, was sie sagen. Vor allem die Pers\u00f6nlichkeit und charakteristische Eigenschaften, die Ausstrahlung des Geistwesens und seine Haltung zu Dir, zur Welt, zum Leben etc. kann ich wahrnehmen und Dir beschreiben. Ich kann nur von Herzen beteuern, dass ich mir NICHTS davon ausdenke!!! Ich kann unterscheiden, wann etwas von mir kommt (und das sage ich dann ausdr\u00fccklich!) und wann etwas nicht von mir kommt. <\/p>\n\n\n\n<p>Ich erf\u00fclle meine mediale Aufgabe nach bestem Wissen und Gewissen, aber ich kann Dir keinerlei Garantien geben. Solltest Du Interesse an dieser besonderen Erfahrung des Geistkontaktes haben, stehe ich Dir gerne zur Verf\u00fcgung.<\/p>\n","protected":false},"excerpt":{"rendered":"<p>Der Kontakt zur geistigen Welt, zu Geistwesen und geistigen Menschen ist in der modernen Welt zu etwas sehr Ungew\u00f6hnlichem geworden und alles andere als selbstverst\u00e4ndlich. Viele Menschen glauben gar, dass es gar keine geistige Welt gibt, sondern nur die sichtbare <a class=\"more-link\" href=\"https:\/\/janina.herz-geist-unio.de\/?page_id=37\">weiterlesen&#8230;<\/a><\/p>\n","protected":false},"author":1,"featured_media":0,"parent":0,"menu_order":0,"comment_status":"closed","ping_status":"closed","template":"","meta":{"footnotes":""},"class_list":["post-37","page","type-page","status-publish","hentry"],"_links":{"self":[{"href":"https:\/\/janina.herz-geist-unio.de\/index.php?rest_route=\/wp\/v2\/pages\/37","targetHints":{"allow":["GET"]}}],"collection":[{"href":"https:\/\/janina.herz-geist-unio.de\/index.php?rest_route=\/wp\/v2\/pages"}],"about":[{"href":"https:\/\/janina.herz-geist-unio.de\/index.php?rest_route=\/wp\/v2\/types\/page"}],"author":[{"embeddable":true,"href":"https:\/\/janina.herz-geist-unio.de\/index.php?rest_route=\/wp\/v2\/users\/1"}],"replies":[{"embeddable":true,"href":"https:\/\/janina.herz-geist-unio.de\/index.php?rest_route=%2Fwp%2Fv2%2Fcomments&post=37"}],"version-history":[{"count":8,"href":"https:\/\/janina.herz-geist-unio.de\/index.php?rest_route=\/wp\/v2\/pages\/37\/revisions"}],"predecessor-version":[{"id":320,"href":"https:\/\/janina.herz-geist-unio.de\/index.php?rest_route=\/wp\/v2\/pages\/37\/revisions\/320"}],"wp:attachment":[{"href":"https:\/\/janina.herz-geist-unio.de\/index.php?rest_route=%2Fwp%2Fv2%2Fmedia&parent=37"}],"curies":[{"name":"wp","href":"https:\/\/api.w.org\/{rel}","templated":true}]}}